{"id":8466,"date":"2021-02-26T16:40:05","date_gmt":"2021-02-26T15:40:05","guid":{"rendered":"https:\/\/www.nexoya.com\/?page_id=8466"},"modified":"2022-08-07T09:42:09","modified_gmt":"2022-08-07T08:42:09","slug":"vorlage-kanaluebergreifende-kampagnenanalyse","status":"publish","type":"page","link":"https:\/\/www.nexoya.com\/de\/vorlage-kanaluebergreifende-kampagnenanalyse\/","title":{"rendered":"Vorlage f\u00fcr die kanal\u00fcbergreifende Kampagnenanalyse"},"content":{"rendered":"\n<div class=\"wp-block-columns is-container is-layout-flex wp-container-core-columns-is-layout-9d6595d7 wp-block-columns-is-layout-flex\">\n<div class=\"wp-block-column is-layout-flow wp-block-column-is-layout-flow\">\n<h2 class=\"wp-block-heading\">Laden Sie Ihre Cross-Channel-Vorlage herunter<\/h2>\n\n\n\n<p class=\"subheading\">M\u00f6chten Sie ein besseres Verst\u00e4ndnis Ihrer Marketingkampagnen erlangen?<\/p>\n\n\n\n<div style=\"height:20px\" aria-hidden=\"true\" class=\"wp-block-spacer\"><\/div>\n\n\n\n<div class=\"wp-block-buttons is-layout-flex wp-block-buttons-is-layout-flex\">\n<div class=\"wp-block-button campaign-button\"><a class=\"wp-block-button__link has-background\" href=\"#campaign-form\" style=\"border-radius:5px;background-color:#0ec76a\"><strong>Ja, ich will!<\/strong><\/a><\/div>\n<\/div>\n\n\n\n<p><\/p>\n<\/div>\n\n\n\n<div class=\"wp-block-column is-layout-flow wp-block-column-is-layout-flow\">\n<figure class=\"wp-block-image size-large\"><img loading=\"lazy\" decoding=\"async\" width=\"1024\" height=\"767\" src=\"https:\/\/www.nexoya.com\/wp-content\/uploads\/2020\/09\/campaignoptimizationtemplate-1024x767.png\" alt=\"cross channel campaign analytics template\" class=\"wp-image-6967\" srcset=\"https:\/\/www.nexoya.com\/wp-content\/uploads\/2020\/09\/campaignoptimizationtemplate-1024x767.png 1024w, https:\/\/www.nexoya.com\/wp-content\/uploads\/2020\/09\/campaignoptimizationtemplate-350x262.png 350w, https:\/\/www.nexoya.com\/wp-content\/uploads\/2020\/09\/campaignoptimizationtemplate-300x225.png 300w, https:\/\/www.nexoya.com\/wp-content\/uploads\/2020\/09\/campaignoptimizationtemplate-768x575.png 768w, https:\/\/www.nexoya.com\/wp-content\/uploads\/2020\/09\/campaignoptimizationtemplate.png 1084w\" sizes=\"auto, (max-width: 1024px) 100vw, 1024px\" \/><\/figure>\n<\/div>\n<\/div>\n\n\n\n\n\n<section class=\"campaign-content\">\n    <div class=\"is-container\"><\/div><\/section>\n\n\n\n<div style=\"height:72px\" aria-hidden=\"true\" class=\"wp-block-spacer\"><\/div>\n\n\n\n<div class=\"wp-block-columns is-layout-flex wp-container-core-columns-is-layout-9d6595d7 wp-block-columns-is-layout-flex\">\n<div class=\"wp-block-column row-wrapper is-layout-flow wp-block-column-is-layout-flow\">\n<h3 class=\"has-text-align-left wp-block-heading\"><strong><strong>Weshalb ben\u00f6tigen Marketer eine Vorlage f\u00fcr die Kampagnen-Analyse?<\/strong><\/strong><\/h3>\n\n\n\n<p>Betreiben Sie mehrere bezahlte Kampagnen \u00fcber Google Ads, Facebook, Instagram und LinkedIn?<\/p>\n\n\n\n<p>Es ist schwer, die Daten einfach zu vergleichen und einen guten \u00dcberblick dar\u00fcber zu haben, was wo l\u00e4uft. Welcher Kanal hat den besseren CPM, welche Kampagne funktioniert am besten etc.<\/p>\n\n\n\n<p>Um Ihnen einen Vorgeschmack darauf zu geben, wie es ist, datengetriebener zu werden, haben wir eine Excel-Vorlage erstellt, damit Sie Ihre bezahlten Kampagnen leicht vergleichen k\u00f6nnen.<\/p>\n\n\n\n<div style=\"height:37px\" aria-hidden=\"true\" class=\"wp-block-spacer\"><\/div>\n\n\n\n<h3 class=\"has-text-align-left wp-block-heading\"><strong><strong>Wie kann diese Vorlage zur Kampagnen-Analyse Marketern helfen?<\/strong><\/strong><\/h3>\n\n\n\n<p>Diese Vorlage verhilft Ihnen zum Einstieg in die Analyse Ihrer Cross-Channel-Marketingkampagne.<\/p>\n\n\n\n<p>Sie erhalten einen \u00dcberblick \u00fcber die gesamte Leistung Ihrer Kampagne.<\/p>\n\n\n\n<p>Sie werden sich auf wichtige <a href=\"https:\/\/www.nexoya.com\/blog\/10-must-track-seo-kpis-in-2021\/\">KPIs<\/a> konzentrieren und sehen k\u00f6nnen, wie sich deren Leistung \u00fcber die Dauer der Kampagne entwickelt hat.&nbsp;<\/p>\n<\/div>\n<\/div>\n\n\n<div class=\"wp-block-image\">\n<figure class=\"aligncenter size-large is-resized\"><img loading=\"lazy\" decoding=\"async\" src=\"https:\/\/www.nexoya.com\/wp-content\/uploads\/2021\/02\/Screenshot-2021-02-26-at-16.11.51-1024x696.png\" alt=\"vorlage\" class=\"wp-image-8460\" width=\"512\" height=\"348\" srcset=\"https:\/\/www.nexoya.com\/wp-content\/uploads\/2021\/02\/Screenshot-2021-02-26-at-16.11.51-1024x696.png 1024w, https:\/\/www.nexoya.com\/wp-content\/uploads\/2021\/02\/Screenshot-2021-02-26-at-16.11.51-300x204.png 300w, https:\/\/www.nexoya.com\/wp-content\/uploads\/2021\/02\/Screenshot-2021-02-26-at-16.11.51-768x522.png 768w, https:\/\/www.nexoya.com\/wp-content\/uploads\/2021\/02\/Screenshot-2021-02-26-at-16.11.51-1536x1044.png 1536w, https:\/\/www.nexoya.com\/wp-content\/uploads\/2021\/02\/Screenshot-2021-02-26-at-16.11.51-350x238.png 350w, https:\/\/www.nexoya.com\/wp-content\/uploads\/2021\/02\/Screenshot-2021-02-26-at-16.11.51.png 1792w\" sizes=\"auto, (max-width: 512px) 100vw, 512px\" \/><\/figure>\n<\/div>\n\n\n<div class=\"wpcf7 no-js\" id=\"wpcf7-f8448-o1\" lang=\"en-US\" dir=\"ltr\" data-wpcf7-id=\"8448\">\n<div class=\"screen-reader-response\"><p role=\"status\" aria-live=\"polite\" aria-atomic=\"true\"><\/p> <ul><\/ul><\/div>\n<form action=\"\/de\/wp-json\/wp\/v2\/pages\/8466#wpcf7-f8448-o1\" method=\"post\" class=\"wpcf7-form init\" aria-label=\"Contact form\" novalidate=\"novalidate\" data-status=\"init\">\n<fieldset class=\"hidden-fields-container\"><input type=\"hidden\" name=\"_wpcf7\" value=\"8448\" \/><input type=\"hidden\" name=\"_wpcf7_version\" value=\"6.1.5\" \/><input type=\"hidden\" name=\"_wpcf7_locale\" value=\"en_US\" \/><input type=\"hidden\" name=\"_wpcf7_unit_tag\" value=\"wpcf7-f8448-o1\" \/><input type=\"hidden\" name=\"_wpcf7_container_post\" value=\"0\" \/><input type=\"hidden\" name=\"_wpcf7_posted_data_hash\" value=\"\" \/><input type=\"hidden\" name=\"_wpcf7_recaptcha_response\" value=\"\" \/>\n<\/fieldset>\n<div class=\"gutenberg-form\" id=\"campaign-form\">\n    <div class=\"gutenberg-form-wrapper\">\n        <h3> Erhalten Sie hier Ihre kostenlose Excel-Vorlage <\/h3>\n        <div is-grid class=\"is-grid\">\n            <div class=\"is-width-1-2@s\">\n                <div class=\"input-container\">\n                    <label class=\"is-form-label\" for=\"full-name\">Vor- & Nachname <span>*<\/span><\/label>\n                    <div class=\"is-form-controls\">\n                        <span class=\"wpcf7-form-control-wrap\" data-name=\"fullname\"><input size=\"40\" maxlength=\"400\" class=\"wpcf7-form-control wpcf7-text wpcf7-validates-as-required is-input\" id=\"full-name\" aria-required=\"true\" aria-invalid=\"false\" placeholder=\"Vollst\u00e4ndigen Namen eingeben\" value=\"\" type=\"text\" name=\"fullname\" \/><\/span>\n                    <\/div>\n                <\/div>\n            <\/div>\n            <div class=\"is-width-1-2@s\">\n                <div class=\"input-container\">\n                    <label class=\"is-form-label\" for=\"email\">Email <span>*<\/span><\/label>\n                    <div class=\"is-form-controls\">\n                        <span class=\"wpcf7-form-control-wrap\" data-name=\"email\"><input size=\"40\" maxlength=\"400\" class=\"wpcf7-form-control wpcf7-email wpcf7-validates-as-required wpcf7-text wpcf7-validates-as-email is-input\" id=\"email\" aria-required=\"true\" aria-invalid=\"false\" placeholder=\"Email Adresse eingeben\" value=\"\" type=\"email\" name=\"email\" \/><\/span>\n                    <\/div>\n                <\/div>\n            <\/div>\n            <div class=\"checkbox-container grid-checkbox\">\n                <label class=\"checkbox-label\">\n\n                   <span class=\"wpcf7-form-control-wrap\" data-name=\"additional\"><span class=\"wpcf7-form-control wpcf7-checkbox is-checkbox\"><span class=\"wpcf7-list-item first last\"><input type=\"checkbox\" name=\"additional[]\" value=\"Guide: How to become a data-driven marketer\" \/><span class=\"wpcf7-list-item-label\">Guide: How to become a data-driven marketer<\/span><\/span><\/span><\/span>\n\n                   <p class=\"checkbox-text\">Ja, ich m\u00f6chte sofortigen Zugriff auf die kostenlose Bibliothek mit Marketing-Ressourcen erhalten.<\/p>\n                <\/label>\n            <\/div>\n<\/div>\n            <div class=\"checkbox-container\">\n                <label class=\"checkbox-label\">\n                    <span class=\"wpcf7-form-control-wrap\" data-name=\"demo\"><span class=\"wpcf7-form-control wpcf7-checkbox is-checkbox\"><span class=\"wpcf7-list-item first last\"><input type=\"checkbox\" name=\"demo[]\" value=\"Get a product demo from nexoya\" \/><span class=\"wpcf7-list-item-label\">Get a product demo from nexoya<\/span><\/span><\/span><\/span>\n                    <p class=\"checkbox-text\">Erhalten Sie eine Demonstration der nexoya Plattform<\/p>\n                <\/label>\n            <\/div>     \n\n        <div class=\"submit-container\">\n            <input class=\"wpcf7-form-control wpcf7-submit has-spinner is-button is-button-green\" type=\"submit\" value=\"Holen Sie sich Ihre kostenlose Vorlage\" \/>\n        <\/div>\n        <div style=\"margin-top:16px\"><\/div>\n\n<input class=\"wpcf7-form-control wpcf7-hidden\" value=\"Marketing - Cross channel campaign excel template\" type=\"hidden\" name=\"your-source\" \/>\n        <input class=\"wpcf7-form-control wpcf7-hidden\" value=\"en\" type=\"hidden\" name=\"your-lang\" \/>\n\n        <input class=\"wpcf7-form-control wpcf7-hidden\" id=\"utm_source\" value=\"\" type=\"hidden\" name=\"h_utm_source\" \/>\n        <input class=\"wpcf7-form-control wpcf7-hidden\" id=\"utm_medium\" value=\"\" type=\"hidden\" name=\"h_utm_medium\" \/>\n        <input class=\"wpcf7-form-control wpcf7-hidden\" id=\"utm_term\" value=\"\" type=\"hidden\" name=\"h_utm_term\" \/>\n        <input class=\"wpcf7-form-control wpcf7-hidden\" id=\"utm_campaign\" value=\"\" type=\"hidden\" name=\"h_utm_campaign\" \/>\n\n        <input class=\"wpcf7-form-control wpcf7-hidden\" value=\"\" type=\"hidden\" name=\"utm_source\" \/>\n        <input class=\"wpcf7-form-control wpcf7-hidden\" value=\"\" type=\"hidden\" name=\"utm_medium\" \/>\n        <input class=\"wpcf7-form-control wpcf7-hidden\" value=\"\" type=\"hidden\" name=\"utm_campaign\" \/>\n        <input class=\"wpcf7-form-control wpcf7-hidden\" value=\"\" type=\"hidden\" name=\"utm_content\" \/>\n        <input class=\"wpcf7-form-control wpcf7-hidden\" value=\"\" type=\"hidden\" name=\"gclid\" \/>\n<input class=\"wpcf7-form-control wpcf7-hidden\" value=\"\" type=\"hidden\" name=\"msclkid\" \/>\n    <\/div>\n    <div class=\"gutenberg-form-success-container is-flex is-flex-column is-flex-center is-flex-middle\">\n        <i class=\"fas fa-check-circle\"><\/i>\n        <p class=\"success-title\">Vielen Dank, dass Sie sich angemeldet haben!<\/p>\n        <p>Have a great day!<\/p>\n    <\/div>\n<\/div><div class=\"wpcf7-response-output\" aria-hidden=\"true\"><\/div>\n<\/form>\n<\/div>\n\n\n\n\n<p class=\"has-text-align-left\">&nbsp;<\/p>\n\n\n\n<h2 class=\"has-text-align-center wp-block-heading\">Weitere kostenlose Ressourcen<\/h2>\n\n\n\r\n<section class=\"grid-image-cards  \">\r\n\r\n\r\n\t<div class=\"is-container\">\r\n\r\n\t\t<div class=\"grid-image-cards-grid\">\r\n\r\n\t\t\t\t\t\t  \r\n\t\t\t    \t\t\t   \r\n\t\t\t        <div class=\"grid-image-card\">\r\n\t\t\t\t\t\t<img decoding=\"async\" src=\"https:\/\/www.nexoya.com\/wp-content\/uploads\/2022\/06\/ebook.jpg\">\r\n\t\t\t\t\t\t<h2> <b><a href=\"https:\/\/www.nexoya.com\/de\/marketing-kpi-handbuch\/\">Kostenloses Marketing-KPI-Handbuch<\/a><\/b> <\/h2>\r\n\t\t\t\t\t\t<p> Mit diesem kostenlosen Marketing-KPI-Handbuch k\u00f6nnen Sie Ihre Marketingleistung verbessern, optimieren und analysieren. \r\n\r\n<a href=\"https:\/\/www.nexoya.com\/de\/marketing-kpi-handbuch\/\"><b>Laden Sie es jetzt herunter!<\/b><\/a> <\/p>\r\n\t\t\t\t\t<\/div>\r\n\t\t\t      \r\n\t\t\t    \t\t\t   \r\n\t\t\t        <div class=\"grid-image-card\">\r\n\t\t\t\t\t\t<img decoding=\"async\" src=\"https:\/\/www.nexoya.com\/wp-content\/uploads\/2022\/06\/trendreport.png\">\r\n\t\t\t\t\t\t<h2> <b><a href=\"https:\/\/www.nexoya.com\/trend-report-2022\/\"><b>Kostenloses digital Advertising Trend Report<\/b><\/a><\/b> <\/h2>\r\n\t\t\t\t\t\t<p> Mit dem kostenlosen Digital Advertising Trend Report k\u00f6nnen Sie sich einen \u00dcberblick \u00fcber den Markt verschaffen. \r\n\r\n<a href=\"https:\/\/www.nexoya.com\/de\/digitale-werbetrends\/\"><b>Laden Sie es jetzt herunter!<\/b><\/a> <\/p>\r\n\t\t\t\t\t<\/div>\r\n\t\t\t      \r\n\t\t\t    \t\t\t   \r\n\t\t\t        <div class=\"grid-image-card\">\r\n\t\t\t\t\t\t<img decoding=\"async\" src=\"https:\/\/www.nexoya.com\/wp-content\/uploads\/2022\/06\/cmo.png\">\r\n\t\t\t\t\t\t<h2> <b><a href=\"https:\/\/www.nexoya.com\/de\/toolkit-zur-wettbewerbsanalyse\/\"><b>Kostenloses CMO-Toolkit<\/b><\/a><\/b> <\/h2>\r\n\t\t\t\t\t\t<p> Mit diesem kostenlosen CMOs Toolkit k\u00f6nnen Sie Ihre Konkurrenz identifizieren, Eigenschaften bewerten und Ziele aufdecken. \r\n\r\n<a href=\"https:\/\/www.nexoya.com\/de\/toolkit-zur-wettbewerbsanalyse\/\"><b>Laden Sie es jetzt herunter!<\/b><\/a> <\/p>\r\n\t\t\t\t\t<\/div>\r\n\t\t\t      \r\n\t\t\t    \t\t\t \t\r\n\t\t\t\r\n\r\n\t\t<\/div>\r\n\r\n\t<\/div>\r\n\r\n\r\n<\/section>\n\n\n<h3 class=\"has-text-align-center wp-block-heading\"><\/h3>\n\n\n\n<div style=\"height:11px\" aria-hidden=\"true\" class=\"wp-block-spacer\"><\/div>\n\n\n\n<div style=\"height:79px\" aria-hidden=\"true\" class=\"wp-block-spacer\"><\/div>\n\n\n\n\n\n<p><\/p>\n","protected":false},"excerpt":{"rendered":"<p>Laden Sie Ihre Cross-Channel-Vorlage herunter M\u00f6chten Sie ein besseres Verst\u00e4ndnis Ihrer Marketingkampagnen erlangen? Weshalb ben\u00f6tigen Marketer eine Vorlage f\u00fcr die Kampagnen-Analyse? Betreiben Sie mehrere bezahlte Kampagnen \u00fcber Google Ads, Facebook, Instagram und LinkedIn? Es ist schwer, die Daten einfach zu vergleichen und einen guten \u00dcberblick dar\u00fcber zu haben, was wo l\u00e4uft. Welcher Kanal hat den [&hellip;]<\/p>\n","protected":false},"author":4,"featured_media":0,"parent":0,"menu_order":0,"comment_status":"closed","ping_status":"closed","template":"template-gutenberg.php","meta":{"_acf_changed":false,"footnotes":""},"class_list":["post-8466","page","type-page","status-publish","hentry"],"acf":[],"yoast_head":"<!-- This site is optimized with the Yoast SEO Premium plugin v27.4 (Yoast SEO v27.4) - https:\/\/yoast.com\/product\/yoast-seo-premium-wordpress\/ -->\n<title>Vorlage f\u00fcr die kanal\u00fcbergreifende Kampagnenanalyse - Nexoya<\/title>\n<meta name=\"description\" content=\"Laden Sie Ihre Cross-Channel-Vorlage herunter. M\u00f6chten Sie ein besseres Verst\u00e4ndnis Ihrer Marketingkampagnen erlangen?\" \/>\n<meta name=\"robots\" content=\"index, follow, max-snippet:-1, max-image-preview:large, max-video-preview:-1\" \/>\n<link rel=\"canonical\" href=\"https:\/\/www.nexoya.com\/de\/vorlage-kanaluebergreifende-kampagnenanalyse\/\" \/>\n<meta property=\"og:locale\" content=\"de_DE\" \/>\n<meta property=\"og:type\" content=\"article\" \/>\n<meta property=\"og:title\" content=\"Vorlage f\u00fcr die kanal\u00fcbergreifende Kampagnenanalyse\" \/>\n<meta property=\"og:description\" content=\"Laden Sie Ihre Cross-Channel-Vorlage herunter. M\u00f6chten Sie ein besseres Verst\u00e4ndnis Ihrer Marketingkampagnen erlangen?\" \/>\n<meta property=\"og:url\" content=\"https:\/\/www.nexoya.com\/de\/vorlage-kanaluebergreifende-kampagnenanalyse\/\" \/>\n<meta property=\"og:site_name\" content=\"Nexoya\" \/>\n<meta property=\"article:publisher\" content=\"https:\/\/www.facebook.com\/nexoyacom\" \/>\n<meta property=\"article:modified_time\" content=\"2022-08-07T08:42:09+00:00\" \/>\n<meta property=\"og:image\" content=\"https:\/\/www.nexoya.com\/wp-content\/uploads\/2020\/09\/campaignoptimizationtemplate-1024x767.png\" \/>\n<meta name=\"twitter:card\" content=\"summary_large_image\" \/>\n<meta name=\"twitter:site\" content=\"@nexoyacom\" \/>\n<meta name=\"twitter:label1\" content=\"Gesch\u00e4tzte Lesezeit\" \/>\n\t<meta name=\"twitter:data1\" content=\"2 Minuten\" \/>\n<script type=\"application\/ld+json\" class=\"yoast-schema-graph\">{\"@context\":\"https:\\\/\\\/schema.org\",\"@graph\":[{\"@type\":\"WebPage\",\"@id\":\"https:\\\/\\\/www.nexoya.com\\\/de\\\/vorlage-kanaluebergreifende-kampagnenanalyse\\\/\",\"url\":\"https:\\\/\\\/www.nexoya.com\\\/de\\\/vorlage-kanaluebergreifende-kampagnenanalyse\\\/\",\"name\":\"Vorlage f\u00fcr die kanal\u00fcbergreifende Kampagnenanalyse - Nexoya\",\"isPartOf\":{\"@id\":\"https:\\\/\\\/www.nexoya.com\\\/de\\\/#website\"},\"primaryImageOfPage\":{\"@id\":\"https:\\\/\\\/www.nexoya.com\\\/de\\\/vorlage-kanaluebergreifende-kampagnenanalyse\\\/#primaryimage\"},\"image\":{\"@id\":\"https:\\\/\\\/www.nexoya.com\\\/de\\\/vorlage-kanaluebergreifende-kampagnenanalyse\\\/#primaryimage\"},\"thumbnailUrl\":\"https:\\\/\\\/www.nexoya.com\\\/wp-content\\\/uploads\\\/2020\\\/09\\\/campaignoptimizationtemplate-1024x767.png\",\"datePublished\":\"2021-02-26T15:40:05+00:00\",\"dateModified\":\"2022-08-07T08:42:09+00:00\",\"description\":\"Laden Sie Ihre Cross-Channel-Vorlage herunter. M\u00f6chten Sie ein besseres Verst\u00e4ndnis Ihrer Marketingkampagnen erlangen?\",\"breadcrumb\":{\"@id\":\"https:\\\/\\\/www.nexoya.com\\\/de\\\/vorlage-kanaluebergreifende-kampagnenanalyse\\\/#breadcrumb\"},\"inLanguage\":\"de-DE\",\"potentialAction\":[{\"@type\":\"ReadAction\",\"target\":[\"https:\\\/\\\/www.nexoya.com\\\/de\\\/vorlage-kanaluebergreifende-kampagnenanalyse\\\/\"]}]},{\"@type\":\"ImageObject\",\"inLanguage\":\"de-DE\",\"@id\":\"https:\\\/\\\/www.nexoya.com\\\/de\\\/vorlage-kanaluebergreifende-kampagnenanalyse\\\/#primaryimage\",\"url\":\"https:\\\/\\\/www.nexoya.com\\\/wp-content\\\/uploads\\\/2020\\\/09\\\/campaignoptimizationtemplate-1024x767.png\",\"contentUrl\":\"https:\\\/\\\/www.nexoya.com\\\/wp-content\\\/uploads\\\/2020\\\/09\\\/campaignoptimizationtemplate-1024x767.png\"},{\"@type\":\"BreadcrumbList\",\"@id\":\"https:\\\/\\\/www.nexoya.com\\\/de\\\/vorlage-kanaluebergreifende-kampagnenanalyse\\\/#breadcrumb\",\"itemListElement\":[{\"@type\":\"ListItem\",\"position\":1,\"name\":\"Home\",\"item\":\"https:\\\/\\\/www.nexoya.com\\\/de\\\/\"},{\"@type\":\"ListItem\",\"position\":2,\"name\":\"Vorlage f\u00fcr die kanal\u00fcbergreifende Kampagnenanalyse\"}]},{\"@type\":\"WebSite\",\"@id\":\"https:\\\/\\\/www.nexoya.com\\\/de\\\/#website\",\"url\":\"https:\\\/\\\/www.nexoya.com\\\/de\\\/\",\"name\":\"Nexoya\",\"description\":\"Overachieve your goals by optimizing cross-channel digital advertising\",\"publisher\":{\"@id\":\"https:\\\/\\\/www.nexoya.com\\\/de\\\/#organization\"},\"potentialAction\":[{\"@type\":\"SearchAction\",\"target\":{\"@type\":\"EntryPoint\",\"urlTemplate\":\"https:\\\/\\\/www.nexoya.com\\\/de\\\/?s={search_term_string}\"},\"query-input\":{\"@type\":\"PropertyValueSpecification\",\"valueRequired\":true,\"valueName\":\"search_term_string\"}}],\"inLanguage\":\"de-DE\"},{\"@type\":\"Organization\",\"@id\":\"https:\\\/\\\/www.nexoya.com\\\/de\\\/#organization\",\"name\":\"Nexoya\",\"alternateName\":\"Nexoya AG\",\"url\":\"https:\\\/\\\/www.nexoya.com\\\/de\\\/\",\"logo\":{\"@type\":\"ImageObject\",\"inLanguage\":\"de-DE\",\"@id\":\"https:\\\/\\\/www.nexoya.com\\\/de\\\/#\\\/schema\\\/logo\\\/image\\\/\",\"url\":\"https:\\\/\\\/www.nexoya.com\\\/wp-content\\\/uploads\\\/2020\\\/03\\\/Logo-1.jpg\",\"contentUrl\":\"https:\\\/\\\/www.nexoya.com\\\/wp-content\\\/uploads\\\/2020\\\/03\\\/Logo-1.jpg\",\"width\":516,\"height\":424,\"caption\":\"Nexoya\"},\"image\":{\"@id\":\"https:\\\/\\\/www.nexoya.com\\\/de\\\/#\\\/schema\\\/logo\\\/image\\\/\"},\"sameAs\":[\"https:\\\/\\\/www.facebook.com\\\/nexoyacom\",\"https:\\\/\\\/x.com\\\/nexoyacom\",\"https:\\\/\\\/www.instagram.com\\\/nexoyacom\\\/\",\"https:\\\/\\\/www.linkedin.com\\\/company\\\/nexoya\",\"https:\\\/\\\/www.youtube.com\\\/@nexoya\"],\"description\":\"Nexoya is an AI-powered marketing analytics, attribution and optimization platform that helps brands maximize ROI across all digital advertising channels. By unifying data from Google, Meta, TikTok, and more, Nexoya enables marketers to attribute, predict and optimize performance, and make data-driven decisions. Securely and without cookies.\",\"email\":\"hello@nexoya.com\",\"telephone\":\"+41 43 588 00 42\",\"legalName\":\"Nexoya Ltd\",\"foundingDate\":\"2018-07-04\",\"vatID\":\"CHE-427.024.248\",\"taxID\":\"CH02030462638\",\"duns\":\"480249634\",\"leiCode\":\"5067007N8ZA0T56P1E67\",\"naics\":\"511210\",\"numberOfEmployees\":{\"@type\":\"QuantitativeValue\",\"minValue\":\"11\",\"maxValue\":\"50\"}}]}<\/script>\n<!-- \/ Yoast SEO Premium plugin. -->","yoast_head_json":{"title":"Vorlage f\u00fcr die kanal\u00fcbergreifende Kampagnenanalyse - Nexoya","description":"Laden Sie Ihre Cross-Channel-Vorlage herunter. M\u00f6chten Sie ein besseres Verst\u00e4ndnis Ihrer Marketingkampagnen erlangen?","robots":{"index":"index","follow":"follow","max-snippet":"max-snippet:-1","max-image-preview":"max-image-preview:large","max-video-preview":"max-video-preview:-1"},"canonical":"https:\/\/www.nexoya.com\/de\/vorlage-kanaluebergreifende-kampagnenanalyse\/","og_locale":"de_DE","og_type":"article","og_title":"Vorlage f\u00fcr die kanal\u00fcbergreifende Kampagnenanalyse","og_description":"Laden Sie Ihre Cross-Channel-Vorlage herunter. M\u00f6chten Sie ein besseres Verst\u00e4ndnis Ihrer Marketingkampagnen erlangen?","og_url":"https:\/\/www.nexoya.com\/de\/vorlage-kanaluebergreifende-kampagnenanalyse\/","og_site_name":"Nexoya","article_publisher":"https:\/\/www.facebook.com\/nexoyacom","article_modified_time":"2022-08-07T08:42:09+00:00","og_image":[{"url":"https:\/\/www.nexoya.com\/wp-content\/uploads\/2020\/09\/campaignoptimizationtemplate-1024x767.png","type":"","width":"","height":""}],"twitter_card":"summary_large_image","twitter_site":"@nexoyacom","twitter_misc":{"Gesch\u00e4tzte Lesezeit":"2 Minuten"},"schema":{"@context":"https:\/\/schema.org","@graph":[{"@type":"WebPage","@id":"https:\/\/www.nexoya.com\/de\/vorlage-kanaluebergreifende-kampagnenanalyse\/","url":"https:\/\/www.nexoya.com\/de\/vorlage-kanaluebergreifende-kampagnenanalyse\/","name":"Vorlage f\u00fcr die kanal\u00fcbergreifende Kampagnenanalyse - Nexoya","isPartOf":{"@id":"https:\/\/www.nexoya.com\/de\/#website"},"primaryImageOfPage":{"@id":"https:\/\/www.nexoya.com\/de\/vorlage-kanaluebergreifende-kampagnenanalyse\/#primaryimage"},"image":{"@id":"https:\/\/www.nexoya.com\/de\/vorlage-kanaluebergreifende-kampagnenanalyse\/#primaryimage"},"thumbnailUrl":"https:\/\/www.nexoya.com\/wp-content\/uploads\/2020\/09\/campaignoptimizationtemplate-1024x767.png","datePublished":"2021-02-26T15:40:05+00:00","dateModified":"2022-08-07T08:42:09+00:00","description":"Laden Sie Ihre Cross-Channel-Vorlage herunter. M\u00f6chten Sie ein besseres Verst\u00e4ndnis Ihrer Marketingkampagnen erlangen?","breadcrumb":{"@id":"https:\/\/www.nexoya.com\/de\/vorlage-kanaluebergreifende-kampagnenanalyse\/#breadcrumb"},"inLanguage":"de-DE","potentialAction":[{"@type":"ReadAction","target":["https:\/\/www.nexoya.com\/de\/vorlage-kanaluebergreifende-kampagnenanalyse\/"]}]},{"@type":"ImageObject","inLanguage":"de-DE","@id":"https:\/\/www.nexoya.com\/de\/vorlage-kanaluebergreifende-kampagnenanalyse\/#primaryimage","url":"https:\/\/www.nexoya.com\/wp-content\/uploads\/2020\/09\/campaignoptimizationtemplate-1024x767.png","contentUrl":"https:\/\/www.nexoya.com\/wp-content\/uploads\/2020\/09\/campaignoptimizationtemplate-1024x767.png"},{"@type":"BreadcrumbList","@id":"https:\/\/www.nexoya.com\/de\/vorlage-kanaluebergreifende-kampagnenanalyse\/#breadcrumb","itemListElement":[{"@type":"ListItem","position":1,"name":"Home","item":"https:\/\/www.nexoya.com\/de\/"},{"@type":"ListItem","position":2,"name":"Vorlage f\u00fcr die kanal\u00fcbergreifende Kampagnenanalyse"}]},{"@type":"WebSite","@id":"https:\/\/www.nexoya.com\/de\/#website","url":"https:\/\/www.nexoya.com\/de\/","name":"Nexoya","description":"Overachieve your goals by optimizing cross-channel digital advertising","publisher":{"@id":"https:\/\/www.nexoya.com\/de\/#organization"},"potentialAction":[{"@type":"SearchAction","target":{"@type":"EntryPoint","urlTemplate":"https:\/\/www.nexoya.com\/de\/?s={search_term_string}"},"query-input":{"@type":"PropertyValueSpecification","valueRequired":true,"valueName":"search_term_string"}}],"inLanguage":"de-DE"},{"@type":"Organization","@id":"https:\/\/www.nexoya.com\/de\/#organization","name":"Nexoya","alternateName":"Nexoya AG","url":"https:\/\/www.nexoya.com\/de\/","logo":{"@type":"ImageObject","inLanguage":"de-DE","@id":"https:\/\/www.nexoya.com\/de\/#\/schema\/logo\/image\/","url":"https:\/\/www.nexoya.com\/wp-content\/uploads\/2020\/03\/Logo-1.jpg","contentUrl":"https:\/\/www.nexoya.com\/wp-content\/uploads\/2020\/03\/Logo-1.jpg","width":516,"height":424,"caption":"Nexoya"},"image":{"@id":"https:\/\/www.nexoya.com\/de\/#\/schema\/logo\/image\/"},"sameAs":["https:\/\/www.facebook.com\/nexoyacom","https:\/\/x.com\/nexoyacom","https:\/\/www.instagram.com\/nexoyacom\/","https:\/\/www.linkedin.com\/company\/nexoya","https:\/\/www.youtube.com\/@nexoya"],"description":"Nexoya is an AI-powered marketing analytics, attribution and optimization platform that helps brands maximize ROI across all digital advertising channels. By unifying data from Google, Meta, TikTok, and more, Nexoya enables marketers to attribute, predict and optimize performance, and make data-driven decisions. Securely and without cookies.","email":"hello@nexoya.com","telephone":"+41 43 588 00 42","legalName":"Nexoya Ltd","foundingDate":"2018-07-04","vatID":"CHE-427.024.248","taxID":"CH02030462638","duns":"480249634","leiCode":"5067007N8ZA0T56P1E67","naics":"511210","numberOfEmployees":{"@type":"QuantitativeValue","minValue":"11","maxValue":"50"}}]}},"_links":{"self":[{"href":"https:\/\/www.nexoya.com\/de\/wp-json\/wp\/v2\/pages\/8466","targetHints":{"allow":["GET"]}}],"collection":[{"href":"https:\/\/www.nexoya.com\/de\/wp-json\/wp\/v2\/pages"}],"about":[{"href":"https:\/\/www.nexoya.com\/de\/wp-json\/wp\/v2\/types\/page"}],"author":[{"embeddable":true,"href":"https:\/\/www.nexoya.com\/de\/wp-json\/wp\/v2\/users\/4"}],"replies":[{"embeddable":true,"href":"https:\/\/www.nexoya.com\/de\/wp-json\/wp\/v2\/comments?post=8466"}],"version-history":[{"count":0,"href":"https:\/\/www.nexoya.com\/de\/wp-json\/wp\/v2\/pages\/8466\/revisions"}],"wp:attachment":[{"href":"https:\/\/www.nexoya.com\/de\/wp-json\/wp\/v2\/media?parent=8466"}],"curies":[{"name":"wp","href":"https:\/\/api.w.org\/{rel}","templated":true}]}}