{"id":7852,"date":"2020-12-17T09:27:53","date_gmt":"2020-12-17T08:27:53","guid":{"rendered":"https:\/\/www.nexoya.com\/webinars\/"},"modified":"2022-06-03T11:00:38","modified_gmt":"2022-06-03T10:00:38","slug":"webinar","status":"publish","type":"page","link":"https:\/\/www.nexoya.com\/de\/webinar\/","title":{"rendered":"Webinar Aufnahmen"},"content":{"rendered":"\n<div style=\"height:62px\" aria-hidden=\"true\" class=\"wp-block-spacer\"><\/div>\n\n\n\n<h1 class=\"has-text-align-center wp-block-heading\">Nexoya <strong>Webinare<\/strong><\/h1>\n\n\n\n<div style=\"height:49px\" aria-hidden=\"true\" class=\"wp-block-spacer\"><\/div>\n\n\n\n<p class=\"has-text-align-center\">F\u00fcr uns ist es wichtig, Ihnen Einblicke in unsere t\u00e4gliche Arbeit zu geben und unser Wissen zu teilen. Deshalb veranstalten wir regelm\u00e4\u00dfig Webinare.<br>Hier finden Sie alle fr\u00fcheren Webinare und k\u00f6nnen diese schnell &amp; einfach abrufen.<\/p>\n\n\n\n<div style=\"height:50px\" aria-hidden=\"true\" class=\"wp-block-spacer\"><\/div>\n\n\n\n<h2 class=\"has-text-align-center wp-block-heading\"><strong>Kampagnen Optimierung<\/strong><\/h2>\n\n\n\r\n\r\n<section class=\"img-left-flexcontent-right   mt10 mb10 pt10 pb10\">\r\n\r\n\r\n\t\r\n\t<div class=\"is-container\">\r\n\r\n\t\t<div class=\"content\">\r\n\t\t\t<div class=\"left\">\r\n\t\t\t\t<img decoding=\"async\" src=\"https:\/\/www.nexoya.com\/wp-content\/uploads\/2021\/01\/Copy-of-Campaign-Optimization-Feature-Insights-how-it-works.png\" alt=\"laptop image\">\r\n\t\t\t<\/div>\r\n\t\t\t<div class=\"right\">\r\n\r\n\t\t\t\t\t\t\t\t    \t\t\t\t        \t\t\t\t        \t<div class=\"w_content\">\r\n\t\t\t\t        \t\t<p>&nbsp;<\/p>\n<p class=\"p1\"><strong>Was Sie aus diesem Webinar mitnehmen werden:<\/strong><\/p>\n<ul class=\"ul1\">\n<li class=\"li1\">Wie viel Potenzial in Ihren Cross-Channel-Kampagnen steckt<\/li>\n<li class=\"li1\">Wie Machine Learning marketers hilft, Budgets effizienter zuzuweisen<\/li>\n<li class=\"li1\">Wie marketers Ineffizienzen in der Marketingkampagne beseitigen k\u00f6nnen<\/li>\n<\/ul>\n\t\t\t\t        \t<\/div>\r\n\t\t\t\t            \r\n\t\t\t\t        \t\t\t\t    \t\t\t\t        \t\t\t\t        \t<div class=\"w_content\">\r\n\t\t\t\t        \t\t<td align=\"center\" bgcolor=\"#0EC76A\" role=\"presentation\" style=\"border:none;border-radius:100px;cursor:auto;background:#0EC76A\" valign=\"middle\"><a href=\"https:\/\/www.nexoya.com\/de\/webinar-kampagnenoptimierung-form\/\" style=\"letter-spacing: 0.7px;background: #0EC76A;color: #FFFFFF;font-family: Roboto, Helvetica, Arial, sans-serif;font-size: 16px;font-weight: 300;line-height: 120%;text-decoration: none;text-transform: none;padding: 15px 40px;border-radius: 100px\" target=\"_blank\"> Webinar abspielen <\/a><\/td>\n\t\t\t\t        \t<\/div>\r\n\t\t\t\t            \r\n\t\t\t\t        \t\t\t\t    \t\t\t\t\r\n\r\n\t\t\t<\/div>\r\n\t\t<\/div>\r\n\r\n\t<\/div>\r\n\r\n\r\n<\/section>\n\n<style>.wp-block-kadence-spacer.kt-block-spacer-_91398f-70 .kt-block-spacer{height:82px;}.wp-block-kadence-spacer.kt-block-spacer-_91398f-70 .kt-divider{border-top-width:1px;height:1px;border-top-color:#eee;width:80%;border-top-style:solid;}<\/style>\n<div class=\"wp-block-kadence-spacer aligncenter kt-block-spacer-_91398f-70\"><div class=\"kt-block-spacer kt-block-spacer-halign-center\"><hr class=\"kt-divider\"\/><\/div><\/div>\n\n\n\n<h2 class=\"has-text-align-center wp-block-heading\">Agiles Management<\/h2>\n\n\n\r\n\r\n<section class=\"img-left-flexcontent-right   mt10 mb10 pt10 pb10\">\r\n\r\n\r\n\t\r\n\t<div class=\"is-container\">\r\n\r\n\t\t<div class=\"content\">\r\n\t\t\t<div class=\"left\">\r\n\t\t\t\t<img decoding=\"async\" src=\"https:\/\/www.nexoya.com\/wp-content\/uploads\/2021\/01\/3-2.png\" alt=\"laptop image\">\r\n\t\t\t<\/div>\r\n\t\t\t<div class=\"right\">\r\n\r\n\t\t\t\t\t\t\t\t    \t\t\t\t        \t\t\t\t        \t<div class=\"w_content\">\r\n\t\t\t\t        \t\t<p class=\"p1\"><strong>Was Sie aus diesem Webinar mitnehmen werden:<\/strong><\/p>\n<ul class=\"ul1\">\n<li class=\"li1\">Die Prinzipien des agilen Managements<\/li>\n<li class=\"li1\">Die Vorteile dieses Ansatzeszuzuweisen<\/li>\n<li class=\"li1\">Wie marketers Wie Sie es jetzt anwenden<\/li>\n<\/ul>\n\t\t\t\t        \t<\/div>\r\n\t\t\t\t            \r\n\t\t\t\t        \t\t\t\t    \t\t\t\t        \t\t\t\t        \t<div class=\"w_content\">\r\n\t\t\t\t        \t\t<td align=\"center\" bgcolor=\"#0EC76A\" role=\"presentation\" style=\"border:none;border-radius:100px;cursor:auto;background:#0EC76A\" valign=\"middle\"><a href=\"https:\/\/www.nexoya.com\/de\/webinar-replay-agiles-management-form\/\" style=\"letter-spacing: 0.7px;background: #0EC76A;color: #FFFFFF;font-family: Roboto, Helvetica, Arial, sans-serif;font-size: 16px;font-weight: 300;line-height: 120%;text-decoration: none;text-transform: none;padding: 15px 40px;border-radius: 100px\" target=\"_blank\"> Webinar abspielen <\/a><\/td>\n\t\t\t\t        \t<\/div>\r\n\t\t\t\t            \r\n\t\t\t\t        \t\t\t\t    \t\t\t\t\r\n\r\n\t\t\t<\/div>\r\n\t\t<\/div>\r\n\r\n\t<\/div>\r\n\r\n\r\n<\/section>\n\n\n<div style=\"height:53px\" aria-hidden=\"true\" class=\"wp-block-spacer\"><\/div>\n\n\n\n<h2 class=\"has-text-align-center wp-block-heading\">Expertendiskussion 2022 Budget &#8211; EN<\/h2>\n\n\n\r\n\r\n<section class=\"img-left-flexcontent-right   mt10 mb10 pt10 pb10\">\r\n\r\n\r\n\t\r\n\t<div class=\"is-container\">\r\n\r\n\t\t<div class=\"content\">\r\n\t\t\t<div class=\"left\">\r\n\t\t\t\t<img decoding=\"async\" src=\"https:\/\/www.nexoya.com\/wp-content\/uploads\/2021\/08\/Webinars-5.png\" alt=\"laptop image\">\r\n\t\t\t<\/div>\r\n\t\t\t<div class=\"right\">\r\n\r\n\t\t\t\t\t\t\t\t    \t\t\t\t        \t\t\t\t        \t<div class=\"w_content\">\r\n\t\t\t\t        \t\t<p class=\"p1\"><strong>Tagesordnung:<\/strong><\/p>\n<ul>\n<li class=\"p1\">Einf\u00fchrung<\/li>\n<li class=\"p1\">Diskussion \u00fcber den Budgetprozess, datengesteuerte Entscheidungen und Prognosen im Marketing<\/li>\n<li class=\"p1\">Was ist Ihre Formel f\u00fcr eine erfolgreiche Budgetplanung?<\/li>\n<li class=\"p1\">Praktische Ratschl\u00e4ge zur Optimierung von Budgets im Laufe des Jahres<\/li>\n<li class=\"p1\">FRAGEN UND ANTWORTEN<\/li>\n<\/ul>\n\t\t\t\t        \t<\/div>\r\n\t\t\t\t            \r\n\t\t\t\t        \t\t\t\t    \t\t\t\t        \t\t\t\t        \t<div class=\"w_content\">\r\n\t\t\t\t        \t\t<p><a style=\"letter-spacing: 0.7px;background: #0EC76A;color: #ffffff;font-family: Roboto, Helvetica, Arial, sans-serif;font-size: 16px;font-weight: 300;line-height: 120%;margin: 0;text-decoration: none;text-transform: none;padding: 15px 40px;border-radius: 100px\" href=\"https:\/\/www.nexoya.com\/de\/webinar-anfrage-expertendiskussion-2022-budget\/\" target=\"_blank\" rel=\"noopener\"> Webinar abspielen <\/a><\/p>\n\t\t\t\t        \t<\/div>\r\n\t\t\t\t            \r\n\t\t\t\t        \t\t\t\t    \t\t\t\t\r\n\r\n\t\t\t<\/div>\r\n\t\t<\/div>\r\n\r\n\t<\/div>\r\n\r\n\r\n<\/section>\n\n\n<h2 class=\"has-text-align-center wp-block-heading\"><strong>SEA-Expertengespr\u00e4ch: Ads Accounts<\/strong> &#8211; EN<\/h2>\n\n\n\r\n\r\n<section class=\"img-left-flexcontent-right  \">\r\n\r\n\r\n\t\r\n\t<div class=\"is-container\">\r\n\r\n\t\t<div class=\"content\">\r\n\t\t\t<div class=\"left\">\r\n\t\t\t\t<img decoding=\"async\" src=\"https:\/\/www.nexoya.com\/wp-content\/uploads\/2021\/11\/Webinars-13.png\" alt=\"laptop image\">\r\n\t\t\t<\/div>\r\n\t\t\t<div class=\"right\">\r\n\r\n\t\t\t\t\t\t\t\t    \t\t\t\t        \t\t\t\t        \t<div class=\"w_content\">\r\n\t\t\t\t        \t\t<p>Agenda:<\/p>\n<ul>\n<li>Einf\u00fchrung<\/li>\n<li>Strukturierung eines Accounts<\/li>\n<li>Hinweise zur Namensgebung<\/li>\n<li>Weitere Tipps und Tricks<\/li>\n<li>Q&amp;A<\/li>\n<\/ul>\n\t\t\t\t        \t<\/div>\r\n\t\t\t\t            \r\n\t\t\t\t        \t\t\t\t    \t\t\t\t        \t\t\t\t        \t<div class=\"w_content\">\r\n\t\t\t\t        \t\t<td align=\"center\" bgcolor=\"#0EC76A\" role=\"presentation\" style=\"border:none;border-radius:100px;cursor:auto;background:#0EC76A\" valign=\"middle\"><a href=\"https:\/\/www.nexoya.com\/de\/sea-expertengesprach-ads-accounts\/\" style=\"letter-spacing: 0.7px;background: #0EC76A;color: #FFFFFF;font-family: Roboto, Helvetica, Arial, sans-serif;font-size: 16px;font-weight: 300;line-height: 120%;text-decoration: none;text-transform: none;padding: 15px 40px;border-radius: 100px\" target=\"_blank\"> Webinar abspielen <\/a><\/td>\n\t\t\t\t        \t<\/div>\r\n\t\t\t\t            \r\n\t\t\t\t        \t\t\t\t    \t\t\t\t\r\n\r\n\t\t\t<\/div>\r\n\t\t<\/div>\r\n\r\n\t<\/div>\r\n\r\n\r\n<\/section>\n\n\n<div style=\"height:49px\" aria-hidden=\"true\" class=\"wp-block-spacer\"><\/div>\n\n\n\n<h2 class=\"has-text-align-center wp-block-heading\">Optimierung der digitalen Werbekampagnen<\/h2>\n\n\n\r\n\r\n<section class=\"img-left-flexcontent-right  \">\r\n\r\n\r\n\t\r\n\t<div class=\"is-container\">\r\n\r\n\t\t<div class=\"content\">\r\n\t\t\t<div class=\"left\">\r\n\t\t\t\t<img decoding=\"async\" src=\"https:\/\/www.nexoya.com\/wp-content\/uploads\/2021\/11\/Webinars-4.png\" alt=\"laptop image\">\r\n\t\t\t<\/div>\r\n\t\t\t<div class=\"right\">\r\n\r\n\t\t\t\t\t\t\t\t    \t\t\t\t        \t\t\t\t        \t<div class=\"w_content\">\r\n\t\t\t\t        \t\t<p>Agenda:<\/p>\n<ul>\n<li>Agile Budgetbewegungen<\/li>\n<li>Der Beweis: Studie mit der UZH<\/li>\n<li>Pr\u00e4diktive Analytik &amp; wie Ergebnisse validiert werden<\/li>\n<li>Automatisierte Anzeigenbudget-Optimierung<\/li>\n<li>F&amp;A<\/li>\n<\/ul>\n\t\t\t\t        \t<\/div>\r\n\t\t\t\t            \r\n\t\t\t\t        \t\t\t\t    \t\t\t\t        \t\t\t\t        \t<div class=\"w_content\">\r\n\t\t\t\t        \t\t<td align=\"center\" bgcolor=\"#0EC76A\" role=\"presentation\" style=\"border:none;border-radius:100px;cursor:auto;background:#0EC76A\" valign=\"middle\"><a href=\"https:\/\/www.nexoya.com\/de\/https-www-nexoya-com-optimierung-von-videoanfragen-fur-kampagnen-2021\/\" style=\"letter-spacing: 0.7px;background: #0EC76A;color: #FFFFFF;font-family: Roboto, Helvetica, Arial, sans-serif;font-size: 16px;font-weight: 300;line-height: 120%;text-decoration: none;text-transform: none;padding: 15px 40px;border-radius: 100px\" target=\"_blank\"> Webinar abspielen <\/a><\/td>\n\t\t\t\t        \t<\/div>\r\n\t\t\t\t            \r\n\t\t\t\t        \t\t\t\t    \t\t\t\t\r\n\r\n\t\t\t<\/div>\r\n\t\t<\/div>\r\n\r\n\t<\/div>\r\n\r\n\r\n<\/section>\n\n\n<h2 class=\"has-text-align-center wp-block-heading\"><strong>Die besten Gebotsstrategien f\u00fcr Suchanzeigen\u00a0<\/strong><\/h2>\n\n\n\r\n\r\n<section class=\"img-left-flexcontent-right  \">\r\n\r\n\r\n\t\r\n\t<div class=\"is-container\">\r\n\r\n\t\t<div class=\"content\">\r\n\t\t\t<div class=\"left\">\r\n\t\t\t\t<img decoding=\"async\" src=\"https:\/\/www.nexoya.com\/wp-content\/uploads\/2022\/06\/What-is-the-BEST-bidding-strategy-in-search-ads-DE.png\" alt=\"laptop image\">\r\n\t\t\t<\/div>\r\n\t\t\t<div class=\"right\">\r\n\r\n\t\t\t\t\t\t\t\t    \t\t\t\t        \t\t\t\t        \t<div class=\"w_content\">\r\n\t\t\t\t        \t\t<p>Agenda:<\/p>\n<ul>\n<li>Die beste Gebotsstrategie f\u00fcr Ihr Unternehmen<\/li>\n<li>Manuelle und automatisierte Gebotsstrategien &#8211; Best Practices<\/li>\n<li>F&amp;A<\/li>\n<\/ul>\n\t\t\t\t        \t<\/div>\r\n\t\t\t\t            \r\n\t\t\t\t        \t\t\t\t    \t\t\t\t        \t\t\t\t        \t<div class=\"w_content\">\r\n\t\t\t\t        \t\t<td align=\"center\" bgcolor=\"#0EC76A\" role=\"presentation\" style=\"border:none;border-radius:100px;cursor:auto;background:#0EC76A\" valign=\"middle\"><a href=\"https:\/\/www.nexoya.com\/de\/bidding-strategy-in-search-ads-video-request\/\" style=\"letter-spacing: 0.7px;background: #0EC76A;color: #FFFFFF;font-family: Roboto, Helvetica, Arial, sans-serif;font-size: 16px;font-weight: 300;line-height: 120%;text-decoration: none;text-transform: none;padding: 15px 40px;border-radius: 100px\" target=\"_blank\"> Webinar abspielen <\/a><\/td>\n\t\t\t\t        \t<\/div>\r\n\t\t\t\t            \r\n\t\t\t\t        \t\t\t\t    \t\t\t\t\r\n\r\n\t\t\t<\/div>\r\n\t\t<\/div>\r\n\r\n\t<\/div>\r\n\r\n\r\n<\/section>\n\n\n\n\n<p>&nbsp;<\/p>\n\n\n<p><!-- \/wp:post-content --><\/p>","protected":false},"excerpt":{"rendered":"<p>Nexoya Webinare F\u00fcr uns ist es wichtig, Ihnen Einblicke in unsere t\u00e4gliche Arbeit zu geben und unser Wissen zu teilen. Deshalb veranstalten wir regelm\u00e4\u00dfig Webinare.Hier finden Sie alle fr\u00fcheren Webinare und k\u00f6nnen diese schnell &amp; einfach abrufen. Kampagnen Optimierung Agiles Management Expertendiskussion 2022 Budget &#8211; EN SEA-Expertengespr\u00e4ch: Ads Accounts &#8211; EN Optimierung der digitalen Werbekampagnen [&hellip;]<\/p>\n","protected":false},"author":15,"featured_media":0,"parent":0,"menu_order":0,"comment_status":"closed","ping_status":"closed","template":"template-acfblocks.php","meta":{"_acf_changed":false,"footnotes":""},"class_list":["post-7852","page","type-page","status-publish","hentry"],"acf":[],"yoast_head":"<!-- This site is optimized with the Yoast SEO Premium plugin v27.5 (Yoast SEO v27.5) - https:\/\/yoast.com\/product\/yoast-seo-premium-wordpress\/ -->\n<title>Webinar Aufnahmen - Nexoya<\/title>\n<meta name=\"description\" content=\"F\u00fcr uns ist es wichtig, Ihnen Einblicke in unsere t\u00e4gliche Arbeit zu geben und unser Wissen zu teilen. Lesen Sie mehr hier!\" \/>\n<meta name=\"robots\" content=\"index, follow, max-snippet:-1, max-image-preview:large, max-video-preview:-1\" \/>\n<link rel=\"canonical\" href=\"https:\/\/www.nexoya.com\/de\/webinar\/\" \/>\n<meta property=\"og:locale\" content=\"de_DE\" \/>\n<meta property=\"og:type\" content=\"article\" \/>\n<meta property=\"og:title\" content=\"Webinar Aufnahmen\" \/>\n<meta property=\"og:description\" content=\"F\u00fcr uns ist es wichtig, Ihnen Einblicke in unsere t\u00e4gliche Arbeit zu geben und unser Wissen zu teilen. Lesen Sie mehr hier!\" \/>\n<meta property=\"og:url\" content=\"https:\/\/www.nexoya.com\/de\/webinar\/\" \/>\n<meta property=\"og:site_name\" content=\"Nexoya\" \/>\n<meta property=\"article:publisher\" content=\"https:\/\/www.facebook.com\/nexoyacom\" \/>\n<meta property=\"article:modified_time\" content=\"2022-06-03T10:00:38+00:00\" \/>\n<meta name=\"twitter:card\" content=\"summary_large_image\" \/>\n<meta name=\"twitter:site\" content=\"@nexoyacom\" \/>\n<meta name=\"twitter:label1\" content=\"Gesch\u00e4tzte Lesezeit\" \/>\n\t<meta name=\"twitter:data1\" content=\"1 Minute\" \/>\n<script type=\"application\/ld+json\" class=\"yoast-schema-graph\">{\"@context\":\"https:\\\/\\\/schema.org\",\"@graph\":[{\"@type\":\"WebPage\",\"@id\":\"https:\\\/\\\/www.nexoya.com\\\/de\\\/webinar\\\/\",\"url\":\"https:\\\/\\\/www.nexoya.com\\\/de\\\/webinar\\\/\",\"name\":\"Webinar Aufnahmen - Nexoya\",\"isPartOf\":{\"@id\":\"https:\\\/\\\/www.nexoya.com\\\/de\\\/#website\"},\"datePublished\":\"2020-12-17T08:27:53+00:00\",\"dateModified\":\"2022-06-03T10:00:38+00:00\",\"description\":\"F\u00fcr uns ist es wichtig, Ihnen Einblicke in unsere t\u00e4gliche Arbeit zu geben und unser Wissen zu teilen. Lesen Sie mehr hier!\",\"breadcrumb\":{\"@id\":\"https:\\\/\\\/www.nexoya.com\\\/de\\\/webinar\\\/#breadcrumb\"},\"inLanguage\":\"de-DE\",\"potentialAction\":[{\"@type\":\"ReadAction\",\"target\":[\"https:\\\/\\\/www.nexoya.com\\\/de\\\/webinar\\\/\"]}]},{\"@type\":\"BreadcrumbList\",\"@id\":\"https:\\\/\\\/www.nexoya.com\\\/de\\\/webinar\\\/#breadcrumb\",\"itemListElement\":[{\"@type\":\"ListItem\",\"position\":1,\"name\":\"Home\",\"item\":\"https:\\\/\\\/www.nexoya.com\\\/de\\\/\"},{\"@type\":\"ListItem\",\"position\":2,\"name\":\"Webinar Aufnahmen\"}]},{\"@type\":\"WebSite\",\"@id\":\"https:\\\/\\\/www.nexoya.com\\\/de\\\/#website\",\"url\":\"https:\\\/\\\/www.nexoya.com\\\/de\\\/\",\"name\":\"Nexoya\",\"description\":\"Overachieve your goals by optimizing cross-channel digital advertising\",\"publisher\":{\"@id\":\"https:\\\/\\\/www.nexoya.com\\\/de\\\/#organization\"},\"potentialAction\":[{\"@type\":\"SearchAction\",\"target\":{\"@type\":\"EntryPoint\",\"urlTemplate\":\"https:\\\/\\\/www.nexoya.com\\\/de\\\/?s={search_term_string}\"},\"query-input\":{\"@type\":\"PropertyValueSpecification\",\"valueRequired\":true,\"valueName\":\"search_term_string\"}}],\"inLanguage\":\"de-DE\"},{\"@type\":\"Organization\",\"@id\":\"https:\\\/\\\/www.nexoya.com\\\/de\\\/#organization\",\"name\":\"Nexoya\",\"alternateName\":\"Nexoya AG\",\"url\":\"https:\\\/\\\/www.nexoya.com\\\/de\\\/\",\"logo\":{\"@type\":\"ImageObject\",\"inLanguage\":\"de-DE\",\"@id\":\"https:\\\/\\\/www.nexoya.com\\\/de\\\/#\\\/schema\\\/logo\\\/image\\\/\",\"url\":\"https:\\\/\\\/www.nexoya.com\\\/wp-content\\\/uploads\\\/2020\\\/03\\\/Logo-1.jpg\",\"contentUrl\":\"https:\\\/\\\/www.nexoya.com\\\/wp-content\\\/uploads\\\/2020\\\/03\\\/Logo-1.jpg\",\"width\":516,\"height\":424,\"caption\":\"Nexoya\"},\"image\":{\"@id\":\"https:\\\/\\\/www.nexoya.com\\\/de\\\/#\\\/schema\\\/logo\\\/image\\\/\"},\"sameAs\":[\"https:\\\/\\\/www.facebook.com\\\/nexoyacom\",\"https:\\\/\\\/x.com\\\/nexoyacom\",\"https:\\\/\\\/www.instagram.com\\\/nexoyacom\\\/\",\"https:\\\/\\\/www.linkedin.com\\\/company\\\/nexoya\",\"https:\\\/\\\/www.youtube.com\\\/@nexoya\"],\"description\":\"Nexoya is an AI-powered marketing analytics, attribution and optimization platform that helps brands maximize ROI across all digital advertising channels. By unifying data from Google, Meta, TikTok, and more, Nexoya enables marketers to attribute, predict and optimize performance, and make data-driven decisions. Securely and without cookies.\",\"email\":\"hello@nexoya.com\",\"telephone\":\"+41 43 588 00 42\",\"legalName\":\"Nexoya Ltd\",\"foundingDate\":\"2018-07-04\",\"vatID\":\"CHE-427.024.248\",\"taxID\":\"CH02030462638\",\"duns\":\"480249634\",\"leiCode\":\"5067007N8ZA0T56P1E67\",\"naics\":\"511210\",\"numberOfEmployees\":{\"@type\":\"QuantitativeValue\",\"minValue\":\"11\",\"maxValue\":\"50\"}}]}<\/script>\n<!-- \/ Yoast SEO Premium plugin. -->","yoast_head_json":{"title":"Webinar Aufnahmen - Nexoya","description":"F\u00fcr uns ist es wichtig, Ihnen Einblicke in unsere t\u00e4gliche Arbeit zu geben und unser Wissen zu teilen. Lesen Sie mehr hier!","robots":{"index":"index","follow":"follow","max-snippet":"max-snippet:-1","max-image-preview":"max-image-preview:large","max-video-preview":"max-video-preview:-1"},"canonical":"https:\/\/www.nexoya.com\/de\/webinar\/","og_locale":"de_DE","og_type":"article","og_title":"Webinar Aufnahmen","og_description":"F\u00fcr uns ist es wichtig, Ihnen Einblicke in unsere t\u00e4gliche Arbeit zu geben und unser Wissen zu teilen. Lesen Sie mehr hier!","og_url":"https:\/\/www.nexoya.com\/de\/webinar\/","og_site_name":"Nexoya","article_publisher":"https:\/\/www.facebook.com\/nexoyacom","article_modified_time":"2022-06-03T10:00:38+00:00","twitter_card":"summary_large_image","twitter_site":"@nexoyacom","twitter_misc":{"Gesch\u00e4tzte Lesezeit":"1 Minute"},"schema":{"@context":"https:\/\/schema.org","@graph":[{"@type":"WebPage","@id":"https:\/\/www.nexoya.com\/de\/webinar\/","url":"https:\/\/www.nexoya.com\/de\/webinar\/","name":"Webinar Aufnahmen - Nexoya","isPartOf":{"@id":"https:\/\/www.nexoya.com\/de\/#website"},"datePublished":"2020-12-17T08:27:53+00:00","dateModified":"2022-06-03T10:00:38+00:00","description":"F\u00fcr uns ist es wichtig, Ihnen Einblicke in unsere t\u00e4gliche Arbeit zu geben und unser Wissen zu teilen. Lesen Sie mehr hier!","breadcrumb":{"@id":"https:\/\/www.nexoya.com\/de\/webinar\/#breadcrumb"},"inLanguage":"de-DE","potentialAction":[{"@type":"ReadAction","target":["https:\/\/www.nexoya.com\/de\/webinar\/"]}]},{"@type":"BreadcrumbList","@id":"https:\/\/www.nexoya.com\/de\/webinar\/#breadcrumb","itemListElement":[{"@type":"ListItem","position":1,"name":"Home","item":"https:\/\/www.nexoya.com\/de\/"},{"@type":"ListItem","position":2,"name":"Webinar Aufnahmen"}]},{"@type":"WebSite","@id":"https:\/\/www.nexoya.com\/de\/#website","url":"https:\/\/www.nexoya.com\/de\/","name":"Nexoya","description":"Overachieve your goals by optimizing cross-channel digital advertising","publisher":{"@id":"https:\/\/www.nexoya.com\/de\/#organization"},"potentialAction":[{"@type":"SearchAction","target":{"@type":"EntryPoint","urlTemplate":"https:\/\/www.nexoya.com\/de\/?s={search_term_string}"},"query-input":{"@type":"PropertyValueSpecification","valueRequired":true,"valueName":"search_term_string"}}],"inLanguage":"de-DE"},{"@type":"Organization","@id":"https:\/\/www.nexoya.com\/de\/#organization","name":"Nexoya","alternateName":"Nexoya AG","url":"https:\/\/www.nexoya.com\/de\/","logo":{"@type":"ImageObject","inLanguage":"de-DE","@id":"https:\/\/www.nexoya.com\/de\/#\/schema\/logo\/image\/","url":"https:\/\/www.nexoya.com\/wp-content\/uploads\/2020\/03\/Logo-1.jpg","contentUrl":"https:\/\/www.nexoya.com\/wp-content\/uploads\/2020\/03\/Logo-1.jpg","width":516,"height":424,"caption":"Nexoya"},"image":{"@id":"https:\/\/www.nexoya.com\/de\/#\/schema\/logo\/image\/"},"sameAs":["https:\/\/www.facebook.com\/nexoyacom","https:\/\/x.com\/nexoyacom","https:\/\/www.instagram.com\/nexoyacom\/","https:\/\/www.linkedin.com\/company\/nexoya","https:\/\/www.youtube.com\/@nexoya"],"description":"Nexoya is an AI-powered marketing analytics, attribution and optimization platform that helps brands maximize ROI across all digital advertising channels. By unifying data from Google, Meta, TikTok, and more, Nexoya enables marketers to attribute, predict and optimize performance, and make data-driven decisions. Securely and without cookies.","email":"hello@nexoya.com","telephone":"+41 43 588 00 42","legalName":"Nexoya Ltd","foundingDate":"2018-07-04","vatID":"CHE-427.024.248","taxID":"CH02030462638","duns":"480249634","leiCode":"5067007N8ZA0T56P1E67","naics":"511210","numberOfEmployees":{"@type":"QuantitativeValue","minValue":"11","maxValue":"50"}}]}},"_links":{"self":[{"href":"https:\/\/www.nexoya.com\/de\/wp-json\/wp\/v2\/pages\/7852","targetHints":{"allow":["GET"]}}],"collection":[{"href":"https:\/\/www.nexoya.com\/de\/wp-json\/wp\/v2\/pages"}],"about":[{"href":"https:\/\/www.nexoya.com\/de\/wp-json\/wp\/v2\/types\/page"}],"author":[{"embeddable":true,"href":"https:\/\/www.nexoya.com\/de\/wp-json\/wp\/v2\/users\/15"}],"replies":[{"embeddable":true,"href":"https:\/\/www.nexoya.com\/de\/wp-json\/wp\/v2\/comments?post=7852"}],"version-history":[{"count":0,"href":"https:\/\/www.nexoya.com\/de\/wp-json\/wp\/v2\/pages\/7852\/revisions"}],"wp:attachment":[{"href":"https:\/\/www.nexoya.com\/de\/wp-json\/wp\/v2\/media?parent=7852"}],"curies":[{"name":"wp","href":"https:\/\/api.w.org\/{rel}","templated":true}]}}