{"id":4662,"date":"2020-03-23T14:23:09","date_gmt":"2020-03-23T13:23:09","guid":{"rendered":"https:\/\/www.nexoya.com\/imprint\/"},"modified":"2024-06-13T11:51:36","modified_gmt":"2024-06-13T10:51:36","slug":"impressum","status":"publish","type":"page","link":"https:\/\/www.nexoya.com\/de\/impressum\/","title":{"rendered":"Impressum"},"content":{"rendered":"","protected":false},"excerpt":{"rendered":"","protected":false},"author":2,"featured_media":0,"parent":0,"menu_order":0,"comment_status":"closed","ping_status":"closed","template":"template-imprint.php","meta":{"_acf_changed":false,"footnotes":""},"class_list":["post-4662","page","type-page","status-publish","hentry"],"acf":[],"yoast_head":"<!-- This site is optimized with the Yoast SEO Premium plugin v27.1 (Yoast SEO v27.2) - https:\/\/yoast.com\/product\/yoast-seo-premium-wordpress\/ -->\n<title>Impressum - Nexoya<\/title>\n<meta name=\"description\" content=\"Schweizer B\u00fcro: Hafnerstrasse 31, 8005 Z\u00fcrich,Schweiz. Mehr Info - nexoya.com. Lesen Sie mehr \u00fcber nexoya hier!\" \/>\n<meta name=\"robots\" content=\"index, follow, max-snippet:-1, max-image-preview:large, max-video-preview:-1\" \/>\n<link rel=\"canonical\" href=\"https:\/\/www.nexoya.com\/de\/impressum\/\" \/>\n<meta property=\"og:locale\" content=\"de_DE\" \/>\n<meta property=\"og:type\" content=\"article\" \/>\n<meta property=\"og:title\" content=\"Impressum\" \/>\n<meta property=\"og:description\" content=\"Schweizer B\u00fcro: Hafnerstrasse 31, 8005 Z\u00fcrich,Schweiz. Mehr Info - nexoya.com. Lesen Sie mehr \u00fcber nexoya hier!\" \/>\n<meta property=\"og:url\" content=\"https:\/\/www.nexoya.com\/de\/impressum\/\" \/>\n<meta property=\"og:site_name\" content=\"Nexoya\" \/>\n<meta property=\"article:publisher\" content=\"https:\/\/www.facebook.com\/nexoyacom\" \/>\n<meta property=\"article:modified_time\" content=\"2024-06-13T10:51:36+00:00\" \/>\n<meta name=\"twitter:card\" content=\"summary_large_image\" \/>\n<meta name=\"twitter:site\" content=\"@nexoyacom\" \/>\n<script type=\"application\/ld+json\" class=\"yoast-schema-graph\">{\"@context\":\"https:\/\/schema.org\",\"@graph\":[{\"@type\":\"WebPage\",\"@id\":\"https:\/\/www.nexoya.com\/de\/impressum\/\",\"url\":\"https:\/\/www.nexoya.com\/de\/impressum\/\",\"name\":\"Impressum - Nexoya\",\"isPartOf\":{\"@id\":\"https:\/\/www.nexoya.com\/de\/#website\"},\"datePublished\":\"2020-03-23T13:23:09+00:00\",\"dateModified\":\"2024-06-13T10:51:36+00:00\",\"description\":\"Schweizer B\u00fcro: Hafnerstrasse 31, 8005 Z\u00fcrich,Schweiz. Mehr Info - nexoya.com. Lesen Sie mehr \u00fcber nexoya hier!\",\"breadcrumb\":{\"@id\":\"https:\/\/www.nexoya.com\/de\/impressum\/#breadcrumb\"},\"inLanguage\":\"de-DE\",\"potentialAction\":[{\"@type\":\"ReadAction\",\"target\":[\"https:\/\/www.nexoya.com\/de\/impressum\/\"]}]},{\"@type\":\"BreadcrumbList\",\"@id\":\"https:\/\/www.nexoya.com\/de\/impressum\/#breadcrumb\",\"itemListElement\":[{\"@type\":\"ListItem\",\"position\":1,\"name\":\"Home\",\"item\":\"https:\/\/www.nexoya.com\/de\/\"},{\"@type\":\"ListItem\",\"position\":2,\"name\":\"Impressum\"}]},{\"@type\":\"WebSite\",\"@id\":\"https:\/\/www.nexoya.com\/de\/#website\",\"url\":\"https:\/\/www.nexoya.com\/de\/\",\"name\":\"Nexoya\",\"description\":\"Overachieve your goals by optimizing cross-channel digital advertising\",\"publisher\":{\"@id\":\"https:\/\/www.nexoya.com\/de\/#organization\"},\"potentialAction\":[{\"@type\":\"SearchAction\",\"target\":{\"@type\":\"EntryPoint\",\"urlTemplate\":\"https:\/\/www.nexoya.com\/de\/?s={search_term_string}\"},\"query-input\":{\"@type\":\"PropertyValueSpecification\",\"valueRequired\":true,\"valueName\":\"search_term_string\"}}],\"inLanguage\":\"de-DE\"},{\"@type\":\"Organization\",\"@id\":\"https:\/\/www.nexoya.com\/de\/#organization\",\"name\":\"Nexoya\",\"alternateName\":\"Nexoya AG\",\"url\":\"https:\/\/www.nexoya.com\/de\/\",\"logo\":{\"@type\":\"ImageObject\",\"inLanguage\":\"de-DE\",\"@id\":\"https:\/\/www.nexoya.com\/de\/#\/schema\/logo\/image\/\",\"url\":\"https:\/\/www.nexoya.com\/wp-content\/uploads\/2020\/03\/Logo-1.jpg\",\"contentUrl\":\"https:\/\/www.nexoya.com\/wp-content\/uploads\/2020\/03\/Logo-1.jpg\",\"width\":516,\"height\":424,\"caption\":\"Nexoya\"},\"image\":{\"@id\":\"https:\/\/www.nexoya.com\/de\/#\/schema\/logo\/image\/\"},\"sameAs\":[\"https:\/\/www.facebook.com\/nexoyacom\",\"https:\/\/x.com\/nexoyacom\",\"https:\/\/www.instagram.com\/nexoyacom\/\",\"https:\/\/www.linkedin.com\/company\/nexoya\",\"https:\/\/www.youtube.com\/@nexoya\"],\"description\":\"Nexoya is an AI-powered marketing analytics, attribution and optimization platform that helps brands maximize ROI across all digital advertising channels. By unifying data from Google, Meta, TikTok, and more, Nexoya enables marketers to attribute, predict and optimize performance, and make data-driven decisions. Securely and without cookies.\",\"email\":\"hello@nexoya.com\",\"telephone\":\"+41 43 588 00 42\",\"legalName\":\"Nexoya Ltd\",\"foundingDate\":\"2018-07-04\",\"vatID\":\"CHE-427.024.248\",\"taxID\":\"CH02030462638\",\"duns\":\"480249634\",\"leiCode\":\"5067007N8ZA0T56P1E67\",\"naics\":\"511210\",\"numberOfEmployees\":{\"@type\":\"QuantitativeValue\",\"minValue\":\"11\",\"maxValue\":\"50\"}}]}<\/script>\n<!-- \/ Yoast SEO Premium plugin. -->","yoast_head_json":{"title":"Impressum - Nexoya","description":"Schweizer B\u00fcro: Hafnerstrasse 31, 8005 Z\u00fcrich,Schweiz. Mehr Info - nexoya.com. Lesen Sie mehr \u00fcber nexoya hier!","robots":{"index":"index","follow":"follow","max-snippet":"max-snippet:-1","max-image-preview":"max-image-preview:large","max-video-preview":"max-video-preview:-1"},"canonical":"https:\/\/www.nexoya.com\/de\/impressum\/","og_locale":"de_DE","og_type":"article","og_title":"Impressum","og_description":"Schweizer B\u00fcro: Hafnerstrasse 31, 8005 Z\u00fcrich,Schweiz. Mehr Info - nexoya.com. Lesen Sie mehr \u00fcber nexoya hier!","og_url":"https:\/\/www.nexoya.com\/de\/impressum\/","og_site_name":"Nexoya","article_publisher":"https:\/\/www.facebook.com\/nexoyacom","article_modified_time":"2024-06-13T10:51:36+00:00","twitter_card":"summary_large_image","twitter_site":"@nexoyacom","schema":{"@context":"https:\/\/schema.org","@graph":[{"@type":"WebPage","@id":"https:\/\/www.nexoya.com\/de\/impressum\/","url":"https:\/\/www.nexoya.com\/de\/impressum\/","name":"Impressum - Nexoya","isPartOf":{"@id":"https:\/\/www.nexoya.com\/de\/#website"},"datePublished":"2020-03-23T13:23:09+00:00","dateModified":"2024-06-13T10:51:36+00:00","description":"Schweizer B\u00fcro: Hafnerstrasse 31, 8005 Z\u00fcrich,Schweiz. Mehr Info - nexoya.com. Lesen Sie mehr \u00fcber nexoya hier!","breadcrumb":{"@id":"https:\/\/www.nexoya.com\/de\/impressum\/#breadcrumb"},"inLanguage":"de-DE","potentialAction":[{"@type":"ReadAction","target":["https:\/\/www.nexoya.com\/de\/impressum\/"]}]},{"@type":"BreadcrumbList","@id":"https:\/\/www.nexoya.com\/de\/impressum\/#breadcrumb","itemListElement":[{"@type":"ListItem","position":1,"name":"Home","item":"https:\/\/www.nexoya.com\/de\/"},{"@type":"ListItem","position":2,"name":"Impressum"}]},{"@type":"WebSite","@id":"https:\/\/www.nexoya.com\/de\/#website","url":"https:\/\/www.nexoya.com\/de\/","name":"Nexoya","description":"Overachieve your goals by optimizing cross-channel digital advertising","publisher":{"@id":"https:\/\/www.nexoya.com\/de\/#organization"},"potentialAction":[{"@type":"SearchAction","target":{"@type":"EntryPoint","urlTemplate":"https:\/\/www.nexoya.com\/de\/?s={search_term_string}"},"query-input":{"@type":"PropertyValueSpecification","valueRequired":true,"valueName":"search_term_string"}}],"inLanguage":"de-DE"},{"@type":"Organization","@id":"https:\/\/www.nexoya.com\/de\/#organization","name":"Nexoya","alternateName":"Nexoya AG","url":"https:\/\/www.nexoya.com\/de\/","logo":{"@type":"ImageObject","inLanguage":"de-DE","@id":"https:\/\/www.nexoya.com\/de\/#\/schema\/logo\/image\/","url":"https:\/\/www.nexoya.com\/wp-content\/uploads\/2020\/03\/Logo-1.jpg","contentUrl":"https:\/\/www.nexoya.com\/wp-content\/uploads\/2020\/03\/Logo-1.jpg","width":516,"height":424,"caption":"Nexoya"},"image":{"@id":"https:\/\/www.nexoya.com\/de\/#\/schema\/logo\/image\/"},"sameAs":["https:\/\/www.facebook.com\/nexoyacom","https:\/\/x.com\/nexoyacom","https:\/\/www.instagram.com\/nexoyacom\/","https:\/\/www.linkedin.com\/company\/nexoya","https:\/\/www.youtube.com\/@nexoya"],"description":"Nexoya is an AI-powered marketing analytics, attribution and optimization platform that helps brands maximize ROI across all digital advertising channels. By unifying data from Google, Meta, TikTok, and more, Nexoya enables marketers to attribute, predict and optimize performance, and make data-driven decisions. Securely and without cookies.","email":"hello@nexoya.com","telephone":"+41 43 588 00 42","legalName":"Nexoya Ltd","foundingDate":"2018-07-04","vatID":"CHE-427.024.248","taxID":"CH02030462638","duns":"480249634","leiCode":"5067007N8ZA0T56P1E67","naics":"511210","numberOfEmployees":{"@type":"QuantitativeValue","minValue":"11","maxValue":"50"}}]}},"_links":{"self":[{"href":"https:\/\/www.nexoya.com\/de\/wp-json\/wp\/v2\/pages\/4662","targetHints":{"allow":["GET"]}}],"collection":[{"href":"https:\/\/www.nexoya.com\/de\/wp-json\/wp\/v2\/pages"}],"about":[{"href":"https:\/\/www.nexoya.com\/de\/wp-json\/wp\/v2\/types\/page"}],"author":[{"embeddable":true,"href":"https:\/\/www.nexoya.com\/de\/wp-json\/wp\/v2\/users\/2"}],"replies":[{"embeddable":true,"href":"https:\/\/www.nexoya.com\/de\/wp-json\/wp\/v2\/comments?post=4662"}],"version-history":[{"count":0,"href":"https:\/\/www.nexoya.com\/de\/wp-json\/wp\/v2\/pages\/4662\/revisions"}],"wp:attachment":[{"href":"https:\/\/www.nexoya.com\/de\/wp-json\/wp\/v2\/media?parent=4662"}],"curies":[{"name":"wp","href":"https:\/\/api.w.org\/{rel}","templated":true}]}}