{"id":4602,"date":"2020-03-05T13:24:16","date_gmt":"2020-03-05T12:24:16","guid":{"rendered":"https:\/\/www.nexoya.com\/our-story\/"},"modified":"2022-09-22T09:38:31","modified_gmt":"2022-09-22T08:38:31","slug":"unsere-geschichte","status":"publish","type":"page","link":"https:\/\/www.nexoya.com\/de\/unsere-geschichte\/","title":{"rendered":"Geschichte"},"content":{"rendered":"","protected":false},"excerpt":{"rendered":"","protected":false},"author":2,"featured_media":0,"parent":0,"menu_order":0,"comment_status":"closed","ping_status":"closed","template":"template-our-story.php","meta":{"_acf_changed":false,"footnotes":""},"class_list":["post-4602","page","type-page","status-publish","hentry"],"acf":[],"yoast_head":"<!-- This site is optimized with the Yoast SEO Premium plugin v27.4 (Yoast SEO v27.4) - https:\/\/yoast.com\/product\/yoast-seo-premium-wordpress\/ -->\n<title>Die Geschichte und Vision von nexoya<\/title>\n<meta name=\"description\" content=\"Die zwei Gr\u00fcnder von nexoya erz\u00e4hlen, warum sie nexoya gegr\u00fcndet haben und welche Rolle die k\u00fcnstliche Intelligenz darin spielen wird.\" \/>\n<meta name=\"robots\" content=\"index, follow, max-snippet:-1, max-image-preview:large, max-video-preview:-1\" \/>\n<link rel=\"canonical\" href=\"https:\/\/www.nexoya.com\/de\/unsere-geschichte\/\" \/>\n<meta property=\"og:locale\" content=\"de_DE\" \/>\n<meta property=\"og:type\" content=\"article\" \/>\n<meta property=\"og:title\" content=\"Geschichte\" \/>\n<meta property=\"og:description\" content=\"Die zwei Gr\u00fcnder von nexoya erz\u00e4hlen, warum sie nexoya gegr\u00fcndet haben und welche Rolle die k\u00fcnstliche Intelligenz darin spielen wird.\" \/>\n<meta property=\"og:url\" content=\"https:\/\/www.nexoya.com\/de\/unsere-geschichte\/\" \/>\n<meta property=\"og:site_name\" content=\"Nexoya\" \/>\n<meta property=\"article:publisher\" content=\"https:\/\/www.facebook.com\/nexoyacom\" \/>\n<meta property=\"article:modified_time\" content=\"2022-09-22T08:38:31+00:00\" \/>\n<meta name=\"twitter:card\" content=\"summary_large_image\" \/>\n<meta name=\"twitter:site\" content=\"@nexoyacom\" \/>\n<script type=\"application\/ld+json\" class=\"yoast-schema-graph\">{\"@context\":\"https:\\\/\\\/schema.org\",\"@graph\":[{\"@type\":\"WebPage\",\"@id\":\"https:\\\/\\\/www.nexoya.com\\\/de\\\/unsere-geschichte\\\/\",\"url\":\"https:\\\/\\\/www.nexoya.com\\\/de\\\/unsere-geschichte\\\/\",\"name\":\"Die Geschichte und Vision von nexoya\",\"isPartOf\":{\"@id\":\"https:\\\/\\\/www.nexoya.com\\\/de\\\/#website\"},\"datePublished\":\"2020-03-05T12:24:16+00:00\",\"dateModified\":\"2022-09-22T08:38:31+00:00\",\"description\":\"Die zwei Gr\u00fcnder von nexoya erz\u00e4hlen, warum sie nexoya gegr\u00fcndet haben und welche Rolle die k\u00fcnstliche Intelligenz darin spielen wird.\",\"breadcrumb\":{\"@id\":\"https:\\\/\\\/www.nexoya.com\\\/de\\\/unsere-geschichte\\\/#breadcrumb\"},\"inLanguage\":\"de-DE\",\"potentialAction\":[{\"@type\":\"ReadAction\",\"target\":[\"https:\\\/\\\/www.nexoya.com\\\/de\\\/unsere-geschichte\\\/\"]}]},{\"@type\":\"BreadcrumbList\",\"@id\":\"https:\\\/\\\/www.nexoya.com\\\/de\\\/unsere-geschichte\\\/#breadcrumb\",\"itemListElement\":[{\"@type\":\"ListItem\",\"position\":1,\"name\":\"Home\",\"item\":\"https:\\\/\\\/www.nexoya.com\\\/de\\\/\"},{\"@type\":\"ListItem\",\"position\":2,\"name\":\"Geschichte\"}]},{\"@type\":\"WebSite\",\"@id\":\"https:\\\/\\\/www.nexoya.com\\\/de\\\/#website\",\"url\":\"https:\\\/\\\/www.nexoya.com\\\/de\\\/\",\"name\":\"Nexoya\",\"description\":\"Overachieve your goals by optimizing cross-channel digital advertising\",\"publisher\":{\"@id\":\"https:\\\/\\\/www.nexoya.com\\\/de\\\/#organization\"},\"potentialAction\":[{\"@type\":\"SearchAction\",\"target\":{\"@type\":\"EntryPoint\",\"urlTemplate\":\"https:\\\/\\\/www.nexoya.com\\\/de\\\/?s={search_term_string}\"},\"query-input\":{\"@type\":\"PropertyValueSpecification\",\"valueRequired\":true,\"valueName\":\"search_term_string\"}}],\"inLanguage\":\"de-DE\"},{\"@type\":\"Organization\",\"@id\":\"https:\\\/\\\/www.nexoya.com\\\/de\\\/#organization\",\"name\":\"Nexoya\",\"alternateName\":\"Nexoya AG\",\"url\":\"https:\\\/\\\/www.nexoya.com\\\/de\\\/\",\"logo\":{\"@type\":\"ImageObject\",\"inLanguage\":\"de-DE\",\"@id\":\"https:\\\/\\\/www.nexoya.com\\\/de\\\/#\\\/schema\\\/logo\\\/image\\\/\",\"url\":\"https:\\\/\\\/www.nexoya.com\\\/wp-content\\\/uploads\\\/2020\\\/03\\\/Logo-1.jpg\",\"contentUrl\":\"https:\\\/\\\/www.nexoya.com\\\/wp-content\\\/uploads\\\/2020\\\/03\\\/Logo-1.jpg\",\"width\":516,\"height\":424,\"caption\":\"Nexoya\"},\"image\":{\"@id\":\"https:\\\/\\\/www.nexoya.com\\\/de\\\/#\\\/schema\\\/logo\\\/image\\\/\"},\"sameAs\":[\"https:\\\/\\\/www.facebook.com\\\/nexoyacom\",\"https:\\\/\\\/x.com\\\/nexoyacom\",\"https:\\\/\\\/www.instagram.com\\\/nexoyacom\\\/\",\"https:\\\/\\\/www.linkedin.com\\\/company\\\/nexoya\",\"https:\\\/\\\/www.youtube.com\\\/@nexoya\"],\"description\":\"Nexoya is an AI-powered marketing analytics, attribution and optimization platform that helps brands maximize ROI across all digital advertising channels. By unifying data from Google, Meta, TikTok, and more, Nexoya enables marketers to attribute, predict and optimize performance, and make data-driven decisions. Securely and without cookies.\",\"email\":\"hello@nexoya.com\",\"telephone\":\"+41 43 588 00 42\",\"legalName\":\"Nexoya Ltd\",\"foundingDate\":\"2018-07-04\",\"vatID\":\"CHE-427.024.248\",\"taxID\":\"CH02030462638\",\"duns\":\"480249634\",\"leiCode\":\"5067007N8ZA0T56P1E67\",\"naics\":\"511210\",\"numberOfEmployees\":{\"@type\":\"QuantitativeValue\",\"minValue\":\"11\",\"maxValue\":\"50\"}}]}<\/script>\n<!-- \/ Yoast SEO Premium plugin. -->","yoast_head_json":{"title":"Die Geschichte und Vision von nexoya","description":"Die zwei Gr\u00fcnder von nexoya erz\u00e4hlen, warum sie nexoya gegr\u00fcndet haben und welche Rolle die k\u00fcnstliche Intelligenz darin spielen wird.","robots":{"index":"index","follow":"follow","max-snippet":"max-snippet:-1","max-image-preview":"max-image-preview:large","max-video-preview":"max-video-preview:-1"},"canonical":"https:\/\/www.nexoya.com\/de\/unsere-geschichte\/","og_locale":"de_DE","og_type":"article","og_title":"Geschichte","og_description":"Die zwei Gr\u00fcnder von nexoya erz\u00e4hlen, warum sie nexoya gegr\u00fcndet haben und welche Rolle die k\u00fcnstliche Intelligenz darin spielen wird.","og_url":"https:\/\/www.nexoya.com\/de\/unsere-geschichte\/","og_site_name":"Nexoya","article_publisher":"https:\/\/www.facebook.com\/nexoyacom","article_modified_time":"2022-09-22T08:38:31+00:00","twitter_card":"summary_large_image","twitter_site":"@nexoyacom","schema":{"@context":"https:\/\/schema.org","@graph":[{"@type":"WebPage","@id":"https:\/\/www.nexoya.com\/de\/unsere-geschichte\/","url":"https:\/\/www.nexoya.com\/de\/unsere-geschichte\/","name":"Die Geschichte und Vision von nexoya","isPartOf":{"@id":"https:\/\/www.nexoya.com\/de\/#website"},"datePublished":"2020-03-05T12:24:16+00:00","dateModified":"2022-09-22T08:38:31+00:00","description":"Die zwei Gr\u00fcnder von nexoya erz\u00e4hlen, warum sie nexoya gegr\u00fcndet haben und welche Rolle die k\u00fcnstliche Intelligenz darin spielen wird.","breadcrumb":{"@id":"https:\/\/www.nexoya.com\/de\/unsere-geschichte\/#breadcrumb"},"inLanguage":"de-DE","potentialAction":[{"@type":"ReadAction","target":["https:\/\/www.nexoya.com\/de\/unsere-geschichte\/"]}]},{"@type":"BreadcrumbList","@id":"https:\/\/www.nexoya.com\/de\/unsere-geschichte\/#breadcrumb","itemListElement":[{"@type":"ListItem","position":1,"name":"Home","item":"https:\/\/www.nexoya.com\/de\/"},{"@type":"ListItem","position":2,"name":"Geschichte"}]},{"@type":"WebSite","@id":"https:\/\/www.nexoya.com\/de\/#website","url":"https:\/\/www.nexoya.com\/de\/","name":"Nexoya","description":"Overachieve your goals by optimizing cross-channel digital advertising","publisher":{"@id":"https:\/\/www.nexoya.com\/de\/#organization"},"potentialAction":[{"@type":"SearchAction","target":{"@type":"EntryPoint","urlTemplate":"https:\/\/www.nexoya.com\/de\/?s={search_term_string}"},"query-input":{"@type":"PropertyValueSpecification","valueRequired":true,"valueName":"search_term_string"}}],"inLanguage":"de-DE"},{"@type":"Organization","@id":"https:\/\/www.nexoya.com\/de\/#organization","name":"Nexoya","alternateName":"Nexoya AG","url":"https:\/\/www.nexoya.com\/de\/","logo":{"@type":"ImageObject","inLanguage":"de-DE","@id":"https:\/\/www.nexoya.com\/de\/#\/schema\/logo\/image\/","url":"https:\/\/www.nexoya.com\/wp-content\/uploads\/2020\/03\/Logo-1.jpg","contentUrl":"https:\/\/www.nexoya.com\/wp-content\/uploads\/2020\/03\/Logo-1.jpg","width":516,"height":424,"caption":"Nexoya"},"image":{"@id":"https:\/\/www.nexoya.com\/de\/#\/schema\/logo\/image\/"},"sameAs":["https:\/\/www.facebook.com\/nexoyacom","https:\/\/x.com\/nexoyacom","https:\/\/www.instagram.com\/nexoyacom\/","https:\/\/www.linkedin.com\/company\/nexoya","https:\/\/www.youtube.com\/@nexoya"],"description":"Nexoya is an AI-powered marketing analytics, attribution and optimization platform that helps brands maximize ROI across all digital advertising channels. By unifying data from Google, Meta, TikTok, and more, Nexoya enables marketers to attribute, predict and optimize performance, and make data-driven decisions. Securely and without cookies.","email":"hello@nexoya.com","telephone":"+41 43 588 00 42","legalName":"Nexoya Ltd","foundingDate":"2018-07-04","vatID":"CHE-427.024.248","taxID":"CH02030462638","duns":"480249634","leiCode":"5067007N8ZA0T56P1E67","naics":"511210","numberOfEmployees":{"@type":"QuantitativeValue","minValue":"11","maxValue":"50"}}]}},"_links":{"self":[{"href":"https:\/\/www.nexoya.com\/de\/wp-json\/wp\/v2\/pages\/4602","targetHints":{"allow":["GET"]}}],"collection":[{"href":"https:\/\/www.nexoya.com\/de\/wp-json\/wp\/v2\/pages"}],"about":[{"href":"https:\/\/www.nexoya.com\/de\/wp-json\/wp\/v2\/types\/page"}],"author":[{"embeddable":true,"href":"https:\/\/www.nexoya.com\/de\/wp-json\/wp\/v2\/users\/2"}],"replies":[{"embeddable":true,"href":"https:\/\/www.nexoya.com\/de\/wp-json\/wp\/v2\/comments?post=4602"}],"version-history":[{"count":0,"href":"https:\/\/www.nexoya.com\/de\/wp-json\/wp\/v2\/pages\/4602\/revisions"}],"wp:attachment":[{"href":"https:\/\/www.nexoya.com\/de\/wp-json\/wp\/v2\/media?parent=4602"}],"curies":[{"name":"wp","href":"https:\/\/api.w.org\/{rel}","templated":true}]}}