{"id":13907,"date":"2022-12-12T15:00:27","date_gmt":"2022-12-12T14:00:27","guid":{"rendered":"https:\/\/www.nexoya.com\/?page_id=13907"},"modified":"2024-05-09T12:33:33","modified_gmt":"2024-05-09T11:33:33","slug":"pressemitteilung-wie-ein-schweizer-bio-handler-conversions-fast-verdoppelt","status":"publish","type":"page","link":"https:\/\/www.nexoya.com\/de\/pressemitteilung-wie-ein-schweizer-bio-handler-conversions-fast-verdoppelt\/","title":{"rendered":"Wie ein Schweizer Bio-H\u00e4ndler Conversions fast verdoppelt"},"content":{"rendered":"<style>.kb-row-layout-wrap.wp-block-kadence-rowlayout.kb-row-layout-id13907_d76100-fb{margin-top:120px;margin-bottom:120px;}.kb-row-layout-id13907_d76100-fb > .kt-row-column-wrap{align-content:start;}:where(.kb-row-layout-id13907_d76100-fb > .kt-row-column-wrap) > .wp-block-kadence-column{justify-content:start;}.kb-row-layout-id13907_d76100-fb > .kt-row-column-wrap{column-gap:var(--global-kb-gap-md, 2rem);row-gap:var(--global-kb-gap-md, 2rem);max-width:1200px;margin-left:auto;margin-right:auto;padding-top:25px;padding-right:120px;padding-bottom:25px;padding-left:120px;grid-template-columns:minmax(0, 1fr);}.kb-row-layout-id13907_d76100-fb > .kt-row-layout-overlay{opacity:0.30;}@media all and (max-width: 1024px){.kb-row-layout-id13907_d76100-fb > .kt-row-column-wrap{grid-template-columns:minmax(0, 1fr);}}@media all and (max-width: 767px){.kb-row-layout-id13907_d76100-fb > .kt-row-column-wrap{grid-template-columns:minmax(0, 1fr);}}<\/style><div class=\"kb-row-layout-wrap kb-row-layout-id13907_d76100-fb alignnone wp-block-kadence-rowlayout\"><div class=\"kt-row-column-wrap kt-has-1-columns kt-row-layout-equal kt-tab-layout-inherit kt-mobile-layout-row kt-row-valign-top\">\n<style>.kadence-column13907_55f0a4-10 > .kt-inside-inner-col{display:flex;}.kadence-column13907_55f0a4-10 > .kt-inside-inner-col,.kadence-column13907_55f0a4-10 > .kt-inside-inner-col:before{border-top-left-radius:0px;border-top-right-radius:0px;border-bottom-right-radius:0px;border-bottom-left-radius:0px;}.kadence-column13907_55f0a4-10 > .kt-inside-inner-col{column-gap:var(--global-kb-gap-sm, 1rem);}.kadence-column13907_55f0a4-10 > .kt-inside-inner-col{flex-direction:column;justify-content:flex-start;}.kadence-column13907_55f0a4-10 > .kt-inside-inner-col > .aligncenter{width:100%;}.kt-row-column-wrap > .kadence-column13907_55f0a4-10{align-self:flex-start;}.kt-inner-column-height-full:not(.kt-has-1-columns) > .wp-block-kadence-column.kadence-column13907_55f0a4-10{align-self:auto;}.kt-inner-column-height-full:not(.kt-has-1-columns) > .wp-block-kadence-column.kadence-column13907_55f0a4-10 > .kt-inside-inner-col{flex-direction:column;justify-content:flex-start;}.kadence-column13907_55f0a4-10 > .kt-inside-inner-col:before{opacity:0.3;}.kadence-column13907_55f0a4-10{position:relative;}@media all and (max-width: 1024px){.kt-row-column-wrap > .kadence-column13907_55f0a4-10{align-self:flex-start;}}@media all and (max-width: 1024px){.kt-inner-column-height-full:not(.kt-has-1-columns) > .wp-block-kadence-column.kadence-column13907_55f0a4-10{align-self:auto;}}@media all and (max-width: 1024px){.kt-inner-column-height-full:not(.kt-has-1-columns) > .wp-block-kadence-column.kadence-column13907_55f0a4-10 > .kt-inside-inner-col{flex-direction:column;justify-content:flex-start;}}@media all and (max-width: 1024px){.kadence-column13907_55f0a4-10 > .kt-inside-inner-col{flex-direction:column;justify-content:flex-start;}}@media all and (max-width: 767px){.kt-row-column-wrap > .kadence-column13907_55f0a4-10{align-self:flex-start;}.kt-inner-column-height-full:not(.kt-has-1-columns) > .wp-block-kadence-column.kadence-column13907_55f0a4-10{align-self:auto;}.kt-inner-column-height-full:not(.kt-has-1-columns) > .wp-block-kadence-column.kadence-column13907_55f0a4-10 > .kt-inside-inner-col{flex-direction:column;justify-content:flex-start;}.kadence-column13907_55f0a4-10 > .kt-inside-inner-col{flex-direction:column;justify-content:flex-start;}}<\/style>\n<div class=\"wp-block-kadence-column kadence-column13907_55f0a4-10 inner-column-1\"><div class=\"kt-inside-inner-col\">\n<p>Pressemitteilung<\/p>\n\n\n\n<h1 class=\"wp-block-heading\">Wie ein Schweizer Bio-H\u00e4ndler Conversions fast verdoppelt<\/h1>\n\n\n\n<p>Conversions steigern und dennoch Kosten sparen? Die Schweizer <a href=\"https:\/\/www.farmy.ch\/\">Farmy AG <\/a>zeigt: Es funktioniert \u2013 mit der richtigen Software.<\/p>\n\n\n\n<p>Die 2014 in Z\u00fcrich gegr\u00fcndete Farmy AG bietet unter <a href=\"http:\/\/www.farmy.ch\">www.farmy.ch<\/a> schweizweit 14.500 Produkte von mehr als 1.200 Produzenten \u2013 von Obst und Gem\u00fcse, \u00fcber K\u00e4se, Fleisch und frische Backwaren bis hin zu haltbaren Lebensmitteln und Drogerieartikeln in Bioqualit\u00e4t, regional, nachhaltig und fair gehandelt. Kunden werden in der Region Z\u00fcrich direkt versorgt, seit 2018 auch in der Region Lausanne. Aktuell besch\u00e4ftigt das Unternehmen 230 Mitarbeitende.&nbsp;<\/p>\n\n\n\n<p>Die internetaffine Zielgruppe versucht Online-H\u00e4ndler&nbsp;Farmy prim\u00e4r \u00fcber dynamische digitale Werbekampagnen in unterschiedlichen Kan\u00e4len zu erreichen. Fr\u00fcher lief das so ab: Das Marketingteam managte Erfolgskontrolle und Optimierung der digitalen Werbekampagnen \u00fcber die digitalen Kan\u00e4le h\u00e4ndisch. Die Daten entstammten vielen verschiedenen Quellen. Diese Aufgabe war nicht nur unbeliebt, sie verbrauchte auch Ressourcen und kostete Zeit, die an anderer Stelle fehlten. Um die Stellschrauben k\u00fcnftig in Richtung Effizienz zu drehen, wurde zun\u00e4chst&nbsp;der gesamte Werbeprozess analysiert. Dabei ergaben sich&nbsp;vier zentrale Herausforderungen, die zu bew\u00e4ltigen sind: &nbsp;<\/p>\n\n\n\n<h2 class=\"wp-block-heading\">1. Sich schnell \u00e4ndernde Marktbedingungen&nbsp;<\/h2>\n\n\n\n<p>Ein Beispiel ist die Pandemie. W\u00e4hrend des ersten Lockdowns waren die meisten Onlineshops aufgrund der vielen Anfragen technisch nicht mehr erreichbar oder auf Wochen ausgebucht. Der Online-Markt von Farmy konnte noch liefern. Und so gab es pl\u00f6tzlich einen \u00fcberraschend starken Ansturm auf www.farmy.ch. Das Team bem\u00fchte sich, jeden bestm\u00f6glich zu versorgen und als Kunden zu halten. Die Strategie wechselte in k\u00fcrzester Zeit vom Kampagnenmarketing hin zum Kundenbetreuungs- und Feel-Good-Marketing. Unter anderem organisierte Farmy einen Service f\u00fcr Risikogruppen und Menschen in Quarant\u00e4ne.&nbsp;<\/p>\n\n\n\n<h2 class=\"wp-block-heading\">2. Saisonalit\u00e4t des Produktangebots&nbsp;<\/h2>\n\n\n\n<p>Flexibilit\u00e4t ist im Lebensmittelhandel entscheidend, denn frische Produkte sind saisonal und vom aktuellen Angebot abh\u00e4ngig. Die Weihnachtszeit ist auch f\u00fcr Farmy die umsatzst\u00e4rkste Saison . Besonders die bei den Kunden beliebten Bio-Truth\u00e4hne m\u00fcssen rechtzeitig ausgeliefert werden. In den Sommermonaten ist zwar weniger los im Online-Markt. Aber Sommerfr\u00fcchte wie Erdbeeren sind nur begrenzt haltbar und m\u00fcssen schnell bei der Kundschaft ankommen.&nbsp;<\/p>\n\n\n\n<h2 class=\"wp-block-heading\">3. Regionalit\u00e4t&nbsp;<\/h2>\n\n\n\n<p>Farmy m\u00f6chte Kunden in den verschiedenen Lieferregionen passend zu ihrem Bedarf &nbsp;und dem jeweils regionalen Produktangebot auf allen digitalen Kan\u00e4len individuell erreichen. Das Ergebnis sind \u00fcber 300 digitale Werbekampagnen, die das Marketing-Team auf f\u00fcnf Kan\u00e4len und in vier Regionen ausspielt.<\/p>\n\n\n\n<h2 class=\"wp-block-heading\">4. Begrenzte Ressourcen zur \u00dcberwachung der Performance&nbsp;<\/h2>\n\n\n\n<p>Nur wenn die komplexe Kampagnenstruktur und die dynamischen Anzeigenpreise \u00fcber Kan\u00e4le und Regionen hinweg intelligent und kontinuierlich \u00fcberwacht und optimiert werden k\u00f6nnen, l\u00e4sst sich das Budget an der richtigen Stelle einsetzen und Geld sparen. Dies erforderte stets mehr personelle Ressourcen als sie f\u00fcr das kleine Marketing-Team verf\u00fcgbar waren.<\/p>\n\n\n\n<p>Schnell war klar: F\u00fcr den Weg von&nbsp;der statischen Budgetplanung hin zu einem dynamischen und datengesteuerten Ansatz&nbsp;musste eine technische L\u00f6sung gefunden werden. Die Suche f\u00fchrte zu <a href=\"https:\/\/www.nexoya.com\/\">Nexoya<\/a>. In den traditionell&nbsp;umsatzschw\u00e4cheren Sommermonaten erfolgte sogleich ein Testlauf zur Kampagnenoptimierung mit der KI-basierten L\u00f6sung &#8222;Nexoya Marketing Analytics&#8220;&nbsp;der Software-Experten. &nbsp;<\/p>\n\n\n\n<h2 class=\"wp-block-heading\">Die KPI&#8217;s sind auf Umsatz optimiert&nbsp;<\/h2>\n\n\n\n<p>Die SaaS-Plattform aggregiert Kennzahlen aus unterschiedlichen digitalen Werbekan\u00e4len, stellt sie \u00fcbersichtlich dar und berechnet Vorhersagen. Auf Basis der erfassten Daten optimiert Nexoya anschlie\u00dfend die Kampagnen-Budgets. Der Vorteil:&nbsp;Die Marketingteams werden von operativen Routineaufgaben entlastet, die Kosten reduziert. F\u00fcr Datenschutz ist gesorgt, denn&nbsp;Nexoya erfasst ausschlie\u00dflich nicht personalisierte Daten.&nbsp;Zertifizierte&nbsp;Schweizer Rechenzentren garantieren das&nbsp;sichere Hosting&nbsp;der Daten.&nbsp;<\/p>\n\n\n\n<p>Bei Farmy bilden jetzt&nbsp;vier Portfolios auf der Nexoya-Plattform die vier f\u00fcr Werbung relevanten&nbsp;Regionen ab. Das Marketing erfasst auf einen Blick die Werbeleistung in der jeweiligen Region und hat eine vollst\u00e4ndige Budgetkontrolle \u00fcber alle Kan\u00e4le. Die Performance ist auf Umsatzsteigerung&nbsp;optimiert: auf Conversions\/Cost-per-Lead und den tats\u00e4chlichen Umsatz\/Cost-per-Conversion-Value (CPL\/ROAS). Dabei ber\u00fccksichtigt die L\u00f6sung Saisonalit\u00e4t, Trends und Marktnachfrage der jeweiligen Region.&nbsp;<\/p>\n\n\n\n<p>Bereits kurz nach der Implementierung von Nexoya konnte Farmy die Budgetverteilung in jedem Portfolio mit nur einem Klick \u00fcber alle f\u00fcnf Werbekan\u00e4le optimieren. Jede Woche justierte Nexoya die Verteilung der mehr als 300 Kampagnen auf die f\u00fcnf Marketingkan\u00e4le und verschob automatisch das Budget. Das Ergebnis: mehr Kampagnenleistung und mehr Verk\u00e4ufe in der anspruchsvollsten Saison. Zugleich weniger Kosten just in den Fr\u00fchlings- und Sommermonaten, wenn \u00fcblicherweise die Kosten f\u00fcr digitale Werbung f\u00fcr fast alle E-Commerce-Shops steigen. Farmy-Performance-Managerin&nbsp;<strong>Valerii Hirda<\/strong>: &#8222;Mehr als 90 Prozent Conversion in einigen Regionen bei niedrigeren Kosten haben mich definitiv positiv \u00fcberrascht. Mit Nexoya k\u00f6nnen unsere Performance-Marketer nun effizienter arbeiten und sich auf die strategischen Aspekte ihres Jobs konzentrieren.&#8220;<\/p>\n\n\n\n<h3 class=\"wp-block-heading\">Bildmaterial<\/h3>\n\n\n\n<figure class=\"wp-block-image size-medium\"><img decoding=\"async\" width=\"300\" height=\"200\" src=\"https:\/\/www.nexoya.com\/wp-content\/uploads\/2022\/09\/CEOs-Kitchen-1_small-1-300x200.jpg\" alt=\"CEOs-Kitchen-1_small- Farmy-Case-study\" class=\"wp-image-13502\" srcset=\"https:\/\/www.nexoya.com\/wp-content\/uploads\/2022\/09\/CEOs-Kitchen-1_small-1-300x200.jpg 300w, https:\/\/www.nexoya.com\/wp-content\/uploads\/2022\/09\/CEOs-Kitchen-1_small-1-1110x738.jpg 1110w, https:\/\/www.nexoya.com\/wp-content\/uploads\/2022\/09\/CEOs-Kitchen-1_small-1-350x233.jpg 350w, https:\/\/www.nexoya.com\/wp-content\/uploads\/2022\/09\/CEOs-Kitchen-1_small-1-768x512.jpg 768w, https:\/\/www.nexoya.com\/wp-content\/uploads\/2022\/09\/CEOs-Kitchen-1_small-1-1024x682.jpg 1024w, https:\/\/www.nexoya.com\/wp-content\/uploads\/2022\/09\/CEOs-Kitchen-1_small-1-1536x1024.jpg 1536w, https:\/\/www.nexoya.com\/wp-content\/uploads\/2022\/09\/CEOs-Kitchen-1_small-1.jpg 2000w\" sizes=\"(max-width: 300px) 100vw, 300px\" \/><\/figure>\n\n\n\n<p>Das Team von Farmy (Foto: Farmy). <\/p>\n\n\n\n<p>Download: <a href=\"https:\/\/www.nexoya.com\/wp-content\/uploads\/2022\/09\/CEOs-Kitchen-1_small-1.jpg\">https:\/\/www.nexoya.com\/wp-content\/uploads\/2022\/09\/CEOs-Kitchen-1_small-1.jpg<\/a><\/p>\n\n\n\n<h3 class=\"wp-block-heading\">\u00dcber Nexoya <\/h3>\n\n\n\n<p>Das Start-up Nexoya Ltd. mit Sitz in Z\u00fcrich und Berlin realisiert seit 2018 automatisierte Analysen f\u00fcr das digitale Marketing mittelgro\u00dfer und gro\u00dfer Unternehmen \u2013 nutzerfreundlich und datenschutzkonform. Auf Basis von Maschinellem Lernen optimiert die SaaS-Plattform \u201enexoya Marketing Analytics\u201c Multi-Channel-Marketingkampagnen: Hierf\u00fcr aggregiert die L\u00f6sung Kennzahlen aus unterschiedlichen Kan\u00e4len wie Google Ads, Instagram oder Facebook, stellt sie \u00fcbersichtlich dar und \u00fcbernimmt das Monitoring der Kennzahlen. Auf Basis der erfassten Daten und unter Einsatz von K\u00fcnstlicher Intelligenz (Predictive Analytics) optimiert Nexoya anschlie\u00dfend die Kampagnen-Budgets. So entlastet die L\u00f6sung Marketingteams von operativen Routineaufgaben, vereinfacht automatisierte datengetriebene Entscheidungen und reduziert die Marketing-Kosten um bis zu 70 Prozent. Nexoya erfasst ausschlie\u00dflich nicht personalisierte Daten, die in zertifizierten Schweizer Rechenzentren liegen. Zu den Kunden geh\u00f6ren bekannte Unternehmen wie die Emmi Group, Generali, Swisscom, CSS oder The House Agency. <a href=\"https:\/\/www.nexoya.com\/\" target=\"_blank\" rel=\"noreferrer noopener sponsored nofollow\">www.nexoya.com<\/a><\/p>\n\n\n\n<p><\/p>\n\n\n\n<p><strong>Pressekontakt<\/strong><br>Sabrina Ortmann,<br>Nexoya<br>Tel: +49 (30) 549 092 40<br>E-Mail: <a href=\"mailto:press@nexoya.com\" target=\"_blank\" rel=\"noreferrer noopener\">press@nexoya.com<\/a><\/p>\n<\/div><\/div>\n\n<\/div><\/div>","protected":false},"excerpt":{"rendered":"<p>Pressemitteilung Wie ein Schweizer Bio-H\u00e4ndler Conversions fast verdoppelt Conversions steigern und dennoch Kosten sparen? Die Schweizer Farmy AG zeigt: Es funktioniert \u2013 mit der richtigen Software. Die 2014 in Z\u00fcrich gegr\u00fcndete Farmy AG bietet unter www.farmy.ch schweizweit 14.500 Produkte von mehr als 1.200 Produzenten \u2013 von Obst und Gem\u00fcse, \u00fcber K\u00e4se, Fleisch und frische Backwaren [&hellip;]<\/p>\n","protected":false},"author":2,"featured_media":0,"parent":0,"menu_order":0,"comment_status":"closed","ping_status":"closed","template":"template-feature.php","meta":{"_acf_changed":false,"footnotes":""},"class_list":["post-13907","page","type-page","status-publish","hentry"],"acf":[],"yoast_head":"<!-- This site is optimized with the Yoast SEO Premium plugin v27.6 (Yoast SEO v27.6) - https:\/\/yoast.com\/product\/yoast-seo-premium-wordpress\/ -->\n<title>Wie ein Schweizer Bio-H\u00e4ndler Conversions fast verdoppelt - Nexoya<\/title>\n<meta name=\"description\" content=\"Conversions steigern und dennoch Kosten sparen? Die Schweizer Farmy AG zeigt: Es funktioniert \u2013 mit der richtigen Software.\" \/>\n<meta name=\"robots\" content=\"index, follow, max-snippet:-1, max-image-preview:large, max-video-preview:-1\" \/>\n<link rel=\"canonical\" href=\"https:\/\/www.nexoya.com\/de\/pressemitteilung-wie-ein-schweizer-bio-handler-conversions-fast-verdoppelt\/\" \/>\n<meta property=\"og:locale\" content=\"de_DE\" \/>\n<meta property=\"og:type\" content=\"article\" \/>\n<meta property=\"og:title\" content=\"Wie ein Schweizer Bio-H\u00e4ndler Conversions fast verdoppelt\" \/>\n<meta property=\"og:description\" content=\"Conversions steigern und dennoch Kosten sparen? Die Schweizer Farmy AG zeigt: Es funktioniert \u2013 mit der richtigen Software.\" \/>\n<meta property=\"og:url\" content=\"https:\/\/www.nexoya.com\/de\/pressemitteilung-wie-ein-schweizer-bio-handler-conversions-fast-verdoppelt\/\" \/>\n<meta property=\"og:site_name\" content=\"Nexoya\" \/>\n<meta property=\"article:publisher\" content=\"https:\/\/www.facebook.com\/nexoyacom\" \/>\n<meta property=\"article:modified_time\" content=\"2024-05-09T11:33:33+00:00\" \/>\n<meta property=\"og:image\" content=\"https:\/\/www.nexoya.com\/wp-content\/uploads\/2022\/09\/CEOs-Kitchen-1_small-1-300x200.jpg\" \/>\n<meta name=\"twitter:card\" content=\"summary_large_image\" \/>\n<meta name=\"twitter:site\" content=\"@nexoyacom\" \/>\n<meta name=\"twitter:label1\" content=\"Gesch\u00e4tzte Lesezeit\" \/>\n\t<meta name=\"twitter:data1\" content=\"4 Minuten\" \/>\n<script type=\"application\/ld+json\" class=\"yoast-schema-graph\">{\"@context\":\"https:\\\/\\\/schema.org\",\"@graph\":[{\"@type\":\"WebPage\",\"@id\":\"https:\\\/\\\/www.nexoya.com\\\/de\\\/pressemitteilung-wie-ein-schweizer-bio-handler-conversions-fast-verdoppelt\\\/\",\"url\":\"https:\\\/\\\/www.nexoya.com\\\/de\\\/pressemitteilung-wie-ein-schweizer-bio-handler-conversions-fast-verdoppelt\\\/\",\"name\":\"Wie ein Schweizer Bio-H\u00e4ndler Conversions fast verdoppelt - Nexoya\",\"isPartOf\":{\"@id\":\"https:\\\/\\\/www.nexoya.com\\\/de\\\/#website\"},\"primaryImageOfPage\":{\"@id\":\"https:\\\/\\\/www.nexoya.com\\\/de\\\/pressemitteilung-wie-ein-schweizer-bio-handler-conversions-fast-verdoppelt\\\/#primaryimage\"},\"image\":{\"@id\":\"https:\\\/\\\/www.nexoya.com\\\/de\\\/pressemitteilung-wie-ein-schweizer-bio-handler-conversions-fast-verdoppelt\\\/#primaryimage\"},\"thumbnailUrl\":\"https:\\\/\\\/www.nexoya.com\\\/wp-content\\\/uploads\\\/2022\\\/09\\\/CEOs-Kitchen-1_small-1-300x200.jpg\",\"datePublished\":\"2022-12-12T14:00:27+00:00\",\"dateModified\":\"2024-05-09T11:33:33+00:00\",\"description\":\"Conversions steigern und dennoch Kosten sparen? Die Schweizer Farmy AG zeigt: Es funktioniert \u2013 mit der richtigen Software.\",\"breadcrumb\":{\"@id\":\"https:\\\/\\\/www.nexoya.com\\\/de\\\/pressemitteilung-wie-ein-schweizer-bio-handler-conversions-fast-verdoppelt\\\/#breadcrumb\"},\"inLanguage\":\"de-DE\",\"potentialAction\":[{\"@type\":\"ReadAction\",\"target\":[\"https:\\\/\\\/www.nexoya.com\\\/de\\\/pressemitteilung-wie-ein-schweizer-bio-handler-conversions-fast-verdoppelt\\\/\"]}]},{\"@type\":\"ImageObject\",\"inLanguage\":\"de-DE\",\"@id\":\"https:\\\/\\\/www.nexoya.com\\\/de\\\/pressemitteilung-wie-ein-schweizer-bio-handler-conversions-fast-verdoppelt\\\/#primaryimage\",\"url\":\"https:\\\/\\\/www.nexoya.com\\\/wp-content\\\/uploads\\\/2022\\\/09\\\/CEOs-Kitchen-1_small-1-300x200.jpg\",\"contentUrl\":\"https:\\\/\\\/www.nexoya.com\\\/wp-content\\\/uploads\\\/2022\\\/09\\\/CEOs-Kitchen-1_small-1-300x200.jpg\"},{\"@type\":\"BreadcrumbList\",\"@id\":\"https:\\\/\\\/www.nexoya.com\\\/de\\\/pressemitteilung-wie-ein-schweizer-bio-handler-conversions-fast-verdoppelt\\\/#breadcrumb\",\"itemListElement\":[{\"@type\":\"ListItem\",\"position\":1,\"name\":\"Home\",\"item\":\"https:\\\/\\\/www.nexoya.com\\\/de\\\/\"},{\"@type\":\"ListItem\",\"position\":2,\"name\":\"Wie ein Schweizer Bio-H\u00e4ndler Conversions fast verdoppelt\"}]},{\"@type\":\"WebSite\",\"@id\":\"https:\\\/\\\/www.nexoya.com\\\/de\\\/#website\",\"url\":\"https:\\\/\\\/www.nexoya.com\\\/de\\\/\",\"name\":\"Nexoya\",\"description\":\"Overachieve your goals by optimizing cross-channel digital advertising\",\"publisher\":{\"@id\":\"https:\\\/\\\/www.nexoya.com\\\/de\\\/#organization\"},\"potentialAction\":[{\"@type\":\"SearchAction\",\"target\":{\"@type\":\"EntryPoint\",\"urlTemplate\":\"https:\\\/\\\/www.nexoya.com\\\/de\\\/?s={search_term_string}\"},\"query-input\":{\"@type\":\"PropertyValueSpecification\",\"valueRequired\":true,\"valueName\":\"search_term_string\"}}],\"inLanguage\":\"de-DE\"},{\"@type\":\"Organization\",\"@id\":\"https:\\\/\\\/www.nexoya.com\\\/de\\\/#organization\",\"name\":\"Nexoya\",\"alternateName\":\"Nexoya AG\",\"url\":\"https:\\\/\\\/www.nexoya.com\\\/de\\\/\",\"logo\":{\"@type\":\"ImageObject\",\"inLanguage\":\"de-DE\",\"@id\":\"https:\\\/\\\/www.nexoya.com\\\/de\\\/#\\\/schema\\\/logo\\\/image\\\/\",\"url\":\"https:\\\/\\\/www.nexoya.com\\\/wp-content\\\/uploads\\\/2020\\\/03\\\/Logo-1.jpg\",\"contentUrl\":\"https:\\\/\\\/www.nexoya.com\\\/wp-content\\\/uploads\\\/2020\\\/03\\\/Logo-1.jpg\",\"width\":516,\"height\":424,\"caption\":\"Nexoya\"},\"image\":{\"@id\":\"https:\\\/\\\/www.nexoya.com\\\/de\\\/#\\\/schema\\\/logo\\\/image\\\/\"},\"sameAs\":[\"https:\\\/\\\/www.facebook.com\\\/nexoyacom\",\"https:\\\/\\\/x.com\\\/nexoyacom\",\"https:\\\/\\\/www.instagram.com\\\/nexoyacom\\\/\",\"https:\\\/\\\/www.linkedin.com\\\/company\\\/nexoya\",\"https:\\\/\\\/www.youtube.com\\\/@nexoya\"],\"description\":\"Nexoya is an AI-powered marketing analytics, attribution and optimization platform that helps brands maximize ROI across all digital advertising channels. By unifying data from Google, Meta, TikTok, and more, Nexoya enables marketers to attribute, predict and optimize performance, and make data-driven decisions. Securely and without cookies.\",\"email\":\"hello@nexoya.com\",\"telephone\":\"+41 43 588 00 42\",\"legalName\":\"Nexoya Ltd\",\"foundingDate\":\"2018-07-04\",\"vatID\":\"CHE-427.024.248\",\"taxID\":\"CH02030462638\",\"duns\":\"480249634\",\"leiCode\":\"5067007N8ZA0T56P1E67\",\"naics\":\"511210\",\"numberOfEmployees\":{\"@type\":\"QuantitativeValue\",\"minValue\":\"11\",\"maxValue\":\"50\"}}]}<\/script>\n<!-- \/ Yoast SEO Premium plugin. -->","yoast_head_json":{"title":"Wie ein Schweizer Bio-H\u00e4ndler Conversions fast verdoppelt - Nexoya","description":"Conversions steigern und dennoch Kosten sparen? Die Schweizer Farmy AG zeigt: Es funktioniert \u2013 mit der richtigen Software.","robots":{"index":"index","follow":"follow","max-snippet":"max-snippet:-1","max-image-preview":"max-image-preview:large","max-video-preview":"max-video-preview:-1"},"canonical":"https:\/\/www.nexoya.com\/de\/pressemitteilung-wie-ein-schweizer-bio-handler-conversions-fast-verdoppelt\/","og_locale":"de_DE","og_type":"article","og_title":"Wie ein Schweizer Bio-H\u00e4ndler Conversions fast verdoppelt","og_description":"Conversions steigern und dennoch Kosten sparen? Die Schweizer Farmy AG zeigt: Es funktioniert \u2013 mit der richtigen Software.","og_url":"https:\/\/www.nexoya.com\/de\/pressemitteilung-wie-ein-schweizer-bio-handler-conversions-fast-verdoppelt\/","og_site_name":"Nexoya","article_publisher":"https:\/\/www.facebook.com\/nexoyacom","article_modified_time":"2024-05-09T11:33:33+00:00","og_image":[{"url":"https:\/\/www.nexoya.com\/wp-content\/uploads\/2022\/09\/CEOs-Kitchen-1_small-1-300x200.jpg","type":"","width":"","height":""}],"twitter_card":"summary_large_image","twitter_site":"@nexoyacom","twitter_misc":{"Gesch\u00e4tzte Lesezeit":"4 Minuten"},"schema":{"@context":"https:\/\/schema.org","@graph":[{"@type":"WebPage","@id":"https:\/\/www.nexoya.com\/de\/pressemitteilung-wie-ein-schweizer-bio-handler-conversions-fast-verdoppelt\/","url":"https:\/\/www.nexoya.com\/de\/pressemitteilung-wie-ein-schweizer-bio-handler-conversions-fast-verdoppelt\/","name":"Wie ein Schweizer Bio-H\u00e4ndler Conversions fast verdoppelt - Nexoya","isPartOf":{"@id":"https:\/\/www.nexoya.com\/de\/#website"},"primaryImageOfPage":{"@id":"https:\/\/www.nexoya.com\/de\/pressemitteilung-wie-ein-schweizer-bio-handler-conversions-fast-verdoppelt\/#primaryimage"},"image":{"@id":"https:\/\/www.nexoya.com\/de\/pressemitteilung-wie-ein-schweizer-bio-handler-conversions-fast-verdoppelt\/#primaryimage"},"thumbnailUrl":"https:\/\/www.nexoya.com\/wp-content\/uploads\/2022\/09\/CEOs-Kitchen-1_small-1-300x200.jpg","datePublished":"2022-12-12T14:00:27+00:00","dateModified":"2024-05-09T11:33:33+00:00","description":"Conversions steigern und dennoch Kosten sparen? Die Schweizer Farmy AG zeigt: Es funktioniert \u2013 mit der richtigen Software.","breadcrumb":{"@id":"https:\/\/www.nexoya.com\/de\/pressemitteilung-wie-ein-schweizer-bio-handler-conversions-fast-verdoppelt\/#breadcrumb"},"inLanguage":"de-DE","potentialAction":[{"@type":"ReadAction","target":["https:\/\/www.nexoya.com\/de\/pressemitteilung-wie-ein-schweizer-bio-handler-conversions-fast-verdoppelt\/"]}]},{"@type":"ImageObject","inLanguage":"de-DE","@id":"https:\/\/www.nexoya.com\/de\/pressemitteilung-wie-ein-schweizer-bio-handler-conversions-fast-verdoppelt\/#primaryimage","url":"https:\/\/www.nexoya.com\/wp-content\/uploads\/2022\/09\/CEOs-Kitchen-1_small-1-300x200.jpg","contentUrl":"https:\/\/www.nexoya.com\/wp-content\/uploads\/2022\/09\/CEOs-Kitchen-1_small-1-300x200.jpg"},{"@type":"BreadcrumbList","@id":"https:\/\/www.nexoya.com\/de\/pressemitteilung-wie-ein-schweizer-bio-handler-conversions-fast-verdoppelt\/#breadcrumb","itemListElement":[{"@type":"ListItem","position":1,"name":"Home","item":"https:\/\/www.nexoya.com\/de\/"},{"@type":"ListItem","position":2,"name":"Wie ein Schweizer Bio-H\u00e4ndler Conversions fast verdoppelt"}]},{"@type":"WebSite","@id":"https:\/\/www.nexoya.com\/de\/#website","url":"https:\/\/www.nexoya.com\/de\/","name":"Nexoya","description":"Overachieve your goals by optimizing cross-channel digital advertising","publisher":{"@id":"https:\/\/www.nexoya.com\/de\/#organization"},"potentialAction":[{"@type":"SearchAction","target":{"@type":"EntryPoint","urlTemplate":"https:\/\/www.nexoya.com\/de\/?s={search_term_string}"},"query-input":{"@type":"PropertyValueSpecification","valueRequired":true,"valueName":"search_term_string"}}],"inLanguage":"de-DE"},{"@type":"Organization","@id":"https:\/\/www.nexoya.com\/de\/#organization","name":"Nexoya","alternateName":"Nexoya AG","url":"https:\/\/www.nexoya.com\/de\/","logo":{"@type":"ImageObject","inLanguage":"de-DE","@id":"https:\/\/www.nexoya.com\/de\/#\/schema\/logo\/image\/","url":"https:\/\/www.nexoya.com\/wp-content\/uploads\/2020\/03\/Logo-1.jpg","contentUrl":"https:\/\/www.nexoya.com\/wp-content\/uploads\/2020\/03\/Logo-1.jpg","width":516,"height":424,"caption":"Nexoya"},"image":{"@id":"https:\/\/www.nexoya.com\/de\/#\/schema\/logo\/image\/"},"sameAs":["https:\/\/www.facebook.com\/nexoyacom","https:\/\/x.com\/nexoyacom","https:\/\/www.instagram.com\/nexoyacom\/","https:\/\/www.linkedin.com\/company\/nexoya","https:\/\/www.youtube.com\/@nexoya"],"description":"Nexoya is an AI-powered marketing analytics, attribution and optimization platform that helps brands maximize ROI across all digital advertising channels. By unifying data from Google, Meta, TikTok, and more, Nexoya enables marketers to attribute, predict and optimize performance, and make data-driven decisions. Securely and without cookies.","email":"hello@nexoya.com","telephone":"+41 43 588 00 42","legalName":"Nexoya Ltd","foundingDate":"2018-07-04","vatID":"CHE-427.024.248","taxID":"CH02030462638","duns":"480249634","leiCode":"5067007N8ZA0T56P1E67","naics":"511210","numberOfEmployees":{"@type":"QuantitativeValue","minValue":"11","maxValue":"50"}}]}},"_links":{"self":[{"href":"https:\/\/www.nexoya.com\/de\/wp-json\/wp\/v2\/pages\/13907","targetHints":{"allow":["GET"]}}],"collection":[{"href":"https:\/\/www.nexoya.com\/de\/wp-json\/wp\/v2\/pages"}],"about":[{"href":"https:\/\/www.nexoya.com\/de\/wp-json\/wp\/v2\/types\/page"}],"author":[{"embeddable":true,"href":"https:\/\/www.nexoya.com\/de\/wp-json\/wp\/v2\/users\/2"}],"replies":[{"embeddable":true,"href":"https:\/\/www.nexoya.com\/de\/wp-json\/wp\/v2\/comments?post=13907"}],"version-history":[{"count":0,"href":"https:\/\/www.nexoya.com\/de\/wp-json\/wp\/v2\/pages\/13907\/revisions"}],"wp:attachment":[{"href":"https:\/\/www.nexoya.com\/de\/wp-json\/wp\/v2\/media?parent=13907"}],"curies":[{"name":"wp","href":"https:\/\/api.w.org\/{rel}","templated":true}]}}