{"id":11024,"date":"2021-11-08T11:08:38","date_gmt":"2021-11-08T10:08:38","guid":{"rendered":"https:\/\/www.nexoya.com\/?page_id=11024"},"modified":"2024-05-23T10:58:20","modified_gmt":"2024-05-23T09:58:20","slug":"vorteile","status":"publish","type":"page","link":"https:\/\/www.nexoya.com\/de\/vorteile\/","title":{"rendered":"Vorteile"},"content":{"rendered":"\r\n\r\n<section class=\"short-listing  \">\r\n    <div class=\"is-container\">\r\n        <header>\r\n            <h2>Vorteile von Nexoya<\/h2>\r\n        <\/header>\r\n        <div class=\"grid-wrapper\">\r\n            <div class=\"is-grid is-grid-large is-flex is-flex-first is-flex-center\">\r\n\r\n                                    <div class=\"is-width-1-4@m is-width-1-2@s\">\r\n                        <div class=\"grid-item\">\r\n                            <img decoding=\"async\" src=\"https:\/\/www.nexoya.com\/wp-content\/uploads\/2021\/06\/Group-14.svg\" loading=\"lazy\" alt=\"\">\r\n                            <h3>\u00dcberblick &#038; Transparenz<\/h3>\r\n                            <p class=\"is-text-medium\">Mit Nexoya erhalten Sie einen ganzheitlichen und transparenten \u00dcberblick der Marketingkan\u00e4le und Aktivit\u00e4ten \u00fcber alle Kan\u00e4le hinweg. <\/p>\r\n                        <\/div>\r\n                    <\/div>\r\n                                        <div class=\"is-width-1-4@m is-width-1-2@s\">\r\n                        <div class=\"grid-item\">\r\n                            <img decoding=\"async\" src=\"https:\/\/www.nexoya.com\/wp-content\/uploads\/2021\/06\/Group-10.svg\" loading=\"lazy\" alt=\"\">\r\n                            <h3>Ressourcen sparen<\/h3>\r\n                            <p class=\"is-text-medium\">Durch die Integration Ihrer Tools werden die KPIs innerhalb Nexoya automatisch aktualisiert. Der Benutzer kann daher die manuelle Datenaggregation \u00fcberspringen.<\/p>\r\n                        <\/div>\r\n                    <\/div>\r\n                                        <div class=\"is-width-1-4@m is-width-1-2@s\">\r\n                        <div class=\"grid-item\">\r\n                            <img decoding=\"async\" src=\"https:\/\/www.nexoya.com\/wp-content\/uploads\/2021\/06\/Group-10-1.svg\" loading=\"lazy\" alt=\"\">\r\n                            <h3>Bis zu 70% h\u00f6herer ROAS<\/h3>\r\n                            <p class=\"is-text-medium\">Basierend auf den maschinellen Lernalgorithmen von Nexoya werden Empfehlungen f\u00fcr Kampagnen gegeben und umgesetzt, die zu einer Steigerung des ROAS beitragen.<\/p>\r\n                        <\/div>\r\n                    <\/div>\r\n                                        <div class=\"is-width-1-4@m is-width-1-2@s\">\r\n                        <div class=\"grid-item\">\r\n                            <img decoding=\"async\" src=\"https:\/\/www.nexoya.com\/wp-content\/uploads\/2021\/06\/Group-10-2.svg\" loading=\"lazy\" alt=\"\">\r\n                            <h3>Wettbewerbsf\u00e4higkeit<\/h3>\r\n                            <p class=\"is-text-medium\">Dank der KI-Technologien von Nexoya k\u00f6nnen Sie von dynamischen Budgetzuweisungen profitieren und somit eine bessere Kampagnenleistung erzielen. <\/p>\r\n                        <\/div>\r\n                    <\/div>\r\n                    \r\n            <\/div>\r\n        <\/div>\r\n    <\/div>\r\n<\/section>\n\n\r\n<section class=\"offers ctaGreen  \">\r\n    <div class=\"is-container\">\r\n        <div class=\"content\">\r\n            <div class=\"inner-wrapper\">\r\n                <h3 class=\"is-text-huge\">Holen Sie mehr aus Ihren Marketing Daten heraus!<\/h3>\r\n                <p class=\"is-text\">In einer kostenlosen Demo mit unseren Experten erfahren Sie mehr dar\u00fcber.<\/p>\r\n\r\n                <div class=\"button-group\">\r\n                    <a class=\"is-button is-button-green-arrow reverse\"\r\n                       href=\"https:\/\/www.nexoya.com\/de\/demo-anfordern\/\">\r\n                      Demo anfordern                    <\/a>\r\n\r\n                    <!--                         <a class=\"is-button is-button-transparent\"\r\n                           href=\"http:\/\/9092\">\r\n                          Preise ansehen                        <\/a>\r\n                     -->\r\n\r\n                                    <\/div>\r\n\r\n            <\/div>\r\n        <\/div>\r\n    <\/div>\r\n<\/section>\r\n","protected":false},"excerpt":{"rendered":"","protected":false},"author":4,"featured_media":0,"parent":0,"menu_order":0,"comment_status":"closed","ping_status":"closed","template":"template-acfblocks.php","meta":{"_acf_changed":true,"footnotes":""},"class_list":["post-11024","page","type-page","status-publish","hentry"],"acf":[],"yoast_head":"<!-- This site is optimized with the Yoast SEO Premium plugin v27.4 (Yoast SEO v27.4) - https:\/\/yoast.com\/product\/yoast-seo-premium-wordpress\/ -->\n<title>Vorteile - Nexoya<\/title>\n<meta name=\"description\" content=\"Erfahren Sie mehr \u00fcber die Vorteile von Nexoya. Finden Sie heraus, ob Sie Ihre Marketing-Performance verbessern k\u00f6nnen.\" \/>\n<meta name=\"robots\" content=\"index, follow, max-snippet:-1, max-image-preview:large, max-video-preview:-1\" \/>\n<link rel=\"canonical\" href=\"https:\/\/www.nexoya.com\/de\/vorteile\/\" \/>\n<meta property=\"og:locale\" content=\"de_DE\" \/>\n<meta property=\"og:type\" content=\"article\" \/>\n<meta property=\"og:title\" content=\"Vorteile\" \/>\n<meta property=\"og:description\" content=\"Erfahren Sie mehr \u00fcber die Vorteile von Nexoya. Finden Sie heraus, ob Sie Ihre Marketing-Performance verbessern k\u00f6nnen.\" \/>\n<meta property=\"og:url\" content=\"https:\/\/www.nexoya.com\/de\/vorteile\/\" \/>\n<meta property=\"og:site_name\" content=\"Nexoya\" \/>\n<meta property=\"article:publisher\" content=\"https:\/\/www.facebook.com\/nexoyacom\" \/>\n<meta property=\"article:modified_time\" content=\"2024-05-23T09:58:20+00:00\" \/>\n<meta name=\"twitter:card\" content=\"summary_large_image\" \/>\n<meta name=\"twitter:site\" content=\"@nexoyacom\" \/>\n<script type=\"application\/ld+json\" class=\"yoast-schema-graph\">{\"@context\":\"https:\\\/\\\/schema.org\",\"@graph\":[{\"@type\":\"WebPage\",\"@id\":\"https:\\\/\\\/www.nexoya.com\\\/de\\\/vorteile\\\/\",\"url\":\"https:\\\/\\\/www.nexoya.com\\\/de\\\/vorteile\\\/\",\"name\":\"Vorteile - Nexoya\",\"isPartOf\":{\"@id\":\"https:\\\/\\\/www.nexoya.com\\\/de\\\/#website\"},\"datePublished\":\"2021-11-08T10:08:38+00:00\",\"dateModified\":\"2024-05-23T09:58:20+00:00\",\"description\":\"Erfahren Sie mehr \u00fcber die Vorteile von Nexoya. Finden Sie heraus, ob Sie Ihre Marketing-Performance verbessern k\u00f6nnen.\",\"breadcrumb\":{\"@id\":\"https:\\\/\\\/www.nexoya.com\\\/de\\\/vorteile\\\/#breadcrumb\"},\"inLanguage\":\"de-DE\",\"potentialAction\":[{\"@type\":\"ReadAction\",\"target\":[\"https:\\\/\\\/www.nexoya.com\\\/de\\\/vorteile\\\/\"]}]},{\"@type\":\"BreadcrumbList\",\"@id\":\"https:\\\/\\\/www.nexoya.com\\\/de\\\/vorteile\\\/#breadcrumb\",\"itemListElement\":[{\"@type\":\"ListItem\",\"position\":1,\"name\":\"Home\",\"item\":\"https:\\\/\\\/www.nexoya.com\\\/de\\\/\"},{\"@type\":\"ListItem\",\"position\":2,\"name\":\"Vorteile\"}]},{\"@type\":\"WebSite\",\"@id\":\"https:\\\/\\\/www.nexoya.com\\\/de\\\/#website\",\"url\":\"https:\\\/\\\/www.nexoya.com\\\/de\\\/\",\"name\":\"Nexoya\",\"description\":\"Overachieve your goals by optimizing cross-channel digital advertising\",\"publisher\":{\"@id\":\"https:\\\/\\\/www.nexoya.com\\\/de\\\/#organization\"},\"potentialAction\":[{\"@type\":\"SearchAction\",\"target\":{\"@type\":\"EntryPoint\",\"urlTemplate\":\"https:\\\/\\\/www.nexoya.com\\\/de\\\/?s={search_term_string}\"},\"query-input\":{\"@type\":\"PropertyValueSpecification\",\"valueRequired\":true,\"valueName\":\"search_term_string\"}}],\"inLanguage\":\"de-DE\"},{\"@type\":\"Organization\",\"@id\":\"https:\\\/\\\/www.nexoya.com\\\/de\\\/#organization\",\"name\":\"Nexoya\",\"alternateName\":\"Nexoya AG\",\"url\":\"https:\\\/\\\/www.nexoya.com\\\/de\\\/\",\"logo\":{\"@type\":\"ImageObject\",\"inLanguage\":\"de-DE\",\"@id\":\"https:\\\/\\\/www.nexoya.com\\\/de\\\/#\\\/schema\\\/logo\\\/image\\\/\",\"url\":\"https:\\\/\\\/www.nexoya.com\\\/wp-content\\\/uploads\\\/2020\\\/03\\\/Logo-1.jpg\",\"contentUrl\":\"https:\\\/\\\/www.nexoya.com\\\/wp-content\\\/uploads\\\/2020\\\/03\\\/Logo-1.jpg\",\"width\":516,\"height\":424,\"caption\":\"Nexoya\"},\"image\":{\"@id\":\"https:\\\/\\\/www.nexoya.com\\\/de\\\/#\\\/schema\\\/logo\\\/image\\\/\"},\"sameAs\":[\"https:\\\/\\\/www.facebook.com\\\/nexoyacom\",\"https:\\\/\\\/x.com\\\/nexoyacom\",\"https:\\\/\\\/www.instagram.com\\\/nexoyacom\\\/\",\"https:\\\/\\\/www.linkedin.com\\\/company\\\/nexoya\",\"https:\\\/\\\/www.youtube.com\\\/@nexoya\"],\"description\":\"Nexoya is an AI-powered marketing analytics, attribution and optimization platform that helps brands maximize ROI across all digital advertising channels. By unifying data from Google, Meta, TikTok, and more, Nexoya enables marketers to attribute, predict and optimize performance, and make data-driven decisions. Securely and without cookies.\",\"email\":\"hello@nexoya.com\",\"telephone\":\"+41 43 588 00 42\",\"legalName\":\"Nexoya Ltd\",\"foundingDate\":\"2018-07-04\",\"vatID\":\"CHE-427.024.248\",\"taxID\":\"CH02030462638\",\"duns\":\"480249634\",\"leiCode\":\"5067007N8ZA0T56P1E67\",\"naics\":\"511210\",\"numberOfEmployees\":{\"@type\":\"QuantitativeValue\",\"minValue\":\"11\",\"maxValue\":\"50\"}}]}<\/script>\n<!-- \/ Yoast SEO Premium plugin. -->","yoast_head_json":{"title":"Vorteile - Nexoya","description":"Erfahren Sie mehr \u00fcber die Vorteile von Nexoya. Finden Sie heraus, ob Sie Ihre Marketing-Performance verbessern k\u00f6nnen.","robots":{"index":"index","follow":"follow","max-snippet":"max-snippet:-1","max-image-preview":"max-image-preview:large","max-video-preview":"max-video-preview:-1"},"canonical":"https:\/\/www.nexoya.com\/de\/vorteile\/","og_locale":"de_DE","og_type":"article","og_title":"Vorteile","og_description":"Erfahren Sie mehr \u00fcber die Vorteile von Nexoya. Finden Sie heraus, ob Sie Ihre Marketing-Performance verbessern k\u00f6nnen.","og_url":"https:\/\/www.nexoya.com\/de\/vorteile\/","og_site_name":"Nexoya","article_publisher":"https:\/\/www.facebook.com\/nexoyacom","article_modified_time":"2024-05-23T09:58:20+00:00","twitter_card":"summary_large_image","twitter_site":"@nexoyacom","schema":{"@context":"https:\/\/schema.org","@graph":[{"@type":"WebPage","@id":"https:\/\/www.nexoya.com\/de\/vorteile\/","url":"https:\/\/www.nexoya.com\/de\/vorteile\/","name":"Vorteile - Nexoya","isPartOf":{"@id":"https:\/\/www.nexoya.com\/de\/#website"},"datePublished":"2021-11-08T10:08:38+00:00","dateModified":"2024-05-23T09:58:20+00:00","description":"Erfahren Sie mehr \u00fcber die Vorteile von Nexoya. Finden Sie heraus, ob Sie Ihre Marketing-Performance verbessern k\u00f6nnen.","breadcrumb":{"@id":"https:\/\/www.nexoya.com\/de\/vorteile\/#breadcrumb"},"inLanguage":"de-DE","potentialAction":[{"@type":"ReadAction","target":["https:\/\/www.nexoya.com\/de\/vorteile\/"]}]},{"@type":"BreadcrumbList","@id":"https:\/\/www.nexoya.com\/de\/vorteile\/#breadcrumb","itemListElement":[{"@type":"ListItem","position":1,"name":"Home","item":"https:\/\/www.nexoya.com\/de\/"},{"@type":"ListItem","position":2,"name":"Vorteile"}]},{"@type":"WebSite","@id":"https:\/\/www.nexoya.com\/de\/#website","url":"https:\/\/www.nexoya.com\/de\/","name":"Nexoya","description":"Overachieve your goals by optimizing cross-channel digital advertising","publisher":{"@id":"https:\/\/www.nexoya.com\/de\/#organization"},"potentialAction":[{"@type":"SearchAction","target":{"@type":"EntryPoint","urlTemplate":"https:\/\/www.nexoya.com\/de\/?s={search_term_string}"},"query-input":{"@type":"PropertyValueSpecification","valueRequired":true,"valueName":"search_term_string"}}],"inLanguage":"de-DE"},{"@type":"Organization","@id":"https:\/\/www.nexoya.com\/de\/#organization","name":"Nexoya","alternateName":"Nexoya AG","url":"https:\/\/www.nexoya.com\/de\/","logo":{"@type":"ImageObject","inLanguage":"de-DE","@id":"https:\/\/www.nexoya.com\/de\/#\/schema\/logo\/image\/","url":"https:\/\/www.nexoya.com\/wp-content\/uploads\/2020\/03\/Logo-1.jpg","contentUrl":"https:\/\/www.nexoya.com\/wp-content\/uploads\/2020\/03\/Logo-1.jpg","width":516,"height":424,"caption":"Nexoya"},"image":{"@id":"https:\/\/www.nexoya.com\/de\/#\/schema\/logo\/image\/"},"sameAs":["https:\/\/www.facebook.com\/nexoyacom","https:\/\/x.com\/nexoyacom","https:\/\/www.instagram.com\/nexoyacom\/","https:\/\/www.linkedin.com\/company\/nexoya","https:\/\/www.youtube.com\/@nexoya"],"description":"Nexoya is an AI-powered marketing analytics, attribution and optimization platform that helps brands maximize ROI across all digital advertising channels. By unifying data from Google, Meta, TikTok, and more, Nexoya enables marketers to attribute, predict and optimize performance, and make data-driven decisions. Securely and without cookies.","email":"hello@nexoya.com","telephone":"+41 43 588 00 42","legalName":"Nexoya Ltd","foundingDate":"2018-07-04","vatID":"CHE-427.024.248","taxID":"CH02030462638","duns":"480249634","leiCode":"5067007N8ZA0T56P1E67","naics":"511210","numberOfEmployees":{"@type":"QuantitativeValue","minValue":"11","maxValue":"50"}}]}},"_links":{"self":[{"href":"https:\/\/www.nexoya.com\/de\/wp-json\/wp\/v2\/pages\/11024","targetHints":{"allow":["GET"]}}],"collection":[{"href":"https:\/\/www.nexoya.com\/de\/wp-json\/wp\/v2\/pages"}],"about":[{"href":"https:\/\/www.nexoya.com\/de\/wp-json\/wp\/v2\/types\/page"}],"author":[{"embeddable":true,"href":"https:\/\/www.nexoya.com\/de\/wp-json\/wp\/v2\/users\/4"}],"replies":[{"embeddable":true,"href":"https:\/\/www.nexoya.com\/de\/wp-json\/wp\/v2\/comments?post=11024"}],"version-history":[{"count":0,"href":"https:\/\/www.nexoya.com\/de\/wp-json\/wp\/v2\/pages\/11024\/revisions"}],"wp:attachment":[{"href":"https:\/\/www.nexoya.com\/de\/wp-json\/wp\/v2\/media?parent=11024"}],"curies":[{"name":"wp","href":"https:\/\/api.w.org\/{rel}","templated":true}]}}