{"id":10342,"date":"2021-09-20T11:52:02","date_gmt":"2021-09-20T10:52:02","guid":{"rendered":"https:\/\/www.nexoya.com\/?page_id=10342"},"modified":"2021-12-24T12:24:14","modified_gmt":"2021-12-24T11:24:14","slug":"campaign-brief-checkliste-herunterladen","status":"publish","type":"page","link":"https:\/\/www.nexoya.com\/de\/campaign-brief-checkliste-herunterladen\/","title":{"rendered":"Campaign brief checkliste herunterladen"},"content":{"rendered":"\n<p>Diese Checkliste wird Ihnen helfen, Ihre n\u00e4chste Marketingkampagne vorzubereiten und durchzuf\u00fchren, ohne etwas zu vergessen.<\/p>\n\n\n\n<p>Wir hoffen, Sie finden die Checkliste n\u00fctzlich.<\/p>\n\n\n\n<div class=\"wp-block-buttons is-layout-flex wp-block-buttons-is-layout-flex\">\n<div class=\"wp-block-button is-style-shadow\"><a class=\"wp-block-button__link\" href=\"https:\/\/www.nexoya.com\/wp-content\/uploads\/2021\/09\/Ihre-ultimative-Kampagnenbrief-Checkliste-2021-2.pdf\">Laden Sie die Campaign Brief Checkliste hier herunter<\/a><\/div>\n<\/div>\n\n\n\n<p>M\u00f6chten Sie herausfinden, wie Ihre n\u00e4chste Marketingkampagne mit Hilfe von KI die Konversionsrate erh\u00f6hen kann?<\/p>\n\n\n\n<p><\/p>\n\n\n\n<ul class=\"wp-block-list\"><li><a href=\"https:\/\/www.nexoya.com\/de\/kampagnen-optimierung-mit-ki\/\">Kampagnen-Optimierung mit KI<\/a><\/li><li><a href=\"https:\/\/www.nexoya.com\/de\/blog\/kampagnenoptimierung-wie-wird-es-manuell-gemacht\/\">Kampagnenoptimierung: Wie wird es manuell gemacht?<\/a><\/li><li><a href=\"https:\/\/www.nexoya.com\/de\/blog\/wie-kann-ki-die-leistung-von-marketingkampagnen-verbessern\/\">Wie kann KI die leistung von Marketingkampagnen verbessern?<\/a><\/li><li><a href=\"https:\/\/www.nexoya.com\/de\/blog\/workshop-ueber-ki-im-marketing\/\">Workshop \u00fcber KI im Marketing<\/a><\/li><\/ul>\n\n\n\n<p><\/p>\n","protected":false},"excerpt":{"rendered":"<p>Diese Checkliste wird Ihnen helfen, Ihre n\u00e4chste Marketingkampagne vorzubereiten und durchzuf\u00fchren, ohne etwas zu vergessen. Wir hoffen, Sie finden die Checkliste n\u00fctzlich. M\u00f6chten Sie herausfinden, wie Ihre n\u00e4chste Marketingkampagne mit Hilfe von KI die Konversionsrate erh\u00f6hen kann? Kampagnen-Optimierung mit KI Kampagnenoptimierung: Wie wird es manuell gemacht? Wie kann KI die leistung von Marketingkampagnen verbessern? Workshop [&hellip;]<\/p>\n","protected":false},"author":4,"featured_media":0,"parent":0,"menu_order":0,"comment_status":"closed","ping_status":"closed","template":"template-gutenberg.php","meta":{"_acf_changed":false,"footnotes":""},"class_list":["post-10342","page","type-page","status-publish","hentry"],"acf":[],"yoast_head":"<!-- This site is optimized with the Yoast SEO Premium plugin v27.5 (Yoast SEO v27.5) - https:\/\/yoast.com\/product\/yoast-seo-premium-wordpress\/ -->\n<title>Campaign brief checkliste herunterladen - Nexoya<\/title>\n<meta name=\"description\" content=\"Diese Checkliste wird Ihnen helfen, Ihre n\u00e4chste Marketingkampagne vorzubereiten und durchzuf\u00fchren, ohne etwas zu vergessen.\" \/>\n<meta name=\"robots\" content=\"index, follow, max-snippet:-1, max-image-preview:large, max-video-preview:-1\" \/>\n<link rel=\"canonical\" href=\"https:\/\/www.nexoya.com\/de\/campaign-brief-checkliste-herunterladen\/\" \/>\n<meta property=\"og:locale\" content=\"de_DE\" \/>\n<meta property=\"og:type\" content=\"article\" \/>\n<meta property=\"og:title\" content=\"Campaign brief checkliste herunterladen\" \/>\n<meta property=\"og:description\" content=\"Diese Checkliste wird Ihnen helfen, Ihre n\u00e4chste Marketingkampagne vorzubereiten und durchzuf\u00fchren, ohne etwas zu vergessen.\" \/>\n<meta property=\"og:url\" content=\"https:\/\/www.nexoya.com\/de\/campaign-brief-checkliste-herunterladen\/\" \/>\n<meta property=\"og:site_name\" content=\"Nexoya\" \/>\n<meta property=\"article:publisher\" content=\"https:\/\/www.facebook.com\/nexoyacom\" \/>\n<meta property=\"article:modified_time\" content=\"2021-12-24T11:24:14+00:00\" \/>\n<meta name=\"twitter:card\" content=\"summary_large_image\" \/>\n<meta name=\"twitter:site\" content=\"@nexoyacom\" \/>\n<meta name=\"twitter:label1\" content=\"Gesch\u00e4tzte Lesezeit\" \/>\n\t<meta name=\"twitter:data1\" content=\"1 Minute\" \/>\n<script type=\"application\/ld+json\" class=\"yoast-schema-graph\">{\"@context\":\"https:\\\/\\\/schema.org\",\"@graph\":[{\"@type\":\"WebPage\",\"@id\":\"https:\\\/\\\/www.nexoya.com\\\/de\\\/campaign-brief-checkliste-herunterladen\\\/\",\"url\":\"https:\\\/\\\/www.nexoya.com\\\/de\\\/campaign-brief-checkliste-herunterladen\\\/\",\"name\":\"Campaign brief checkliste herunterladen - Nexoya\",\"isPartOf\":{\"@id\":\"https:\\\/\\\/www.nexoya.com\\\/de\\\/#website\"},\"datePublished\":\"2021-09-20T10:52:02+00:00\",\"dateModified\":\"2021-12-24T11:24:14+00:00\",\"description\":\"Diese Checkliste wird Ihnen helfen, Ihre n\u00e4chste Marketingkampagne vorzubereiten und durchzuf\u00fchren, ohne etwas zu vergessen.\",\"breadcrumb\":{\"@id\":\"https:\\\/\\\/www.nexoya.com\\\/de\\\/campaign-brief-checkliste-herunterladen\\\/#breadcrumb\"},\"inLanguage\":\"de-DE\",\"potentialAction\":[{\"@type\":\"ReadAction\",\"target\":[\"https:\\\/\\\/www.nexoya.com\\\/de\\\/campaign-brief-checkliste-herunterladen\\\/\"]}]},{\"@type\":\"BreadcrumbList\",\"@id\":\"https:\\\/\\\/www.nexoya.com\\\/de\\\/campaign-brief-checkliste-herunterladen\\\/#breadcrumb\",\"itemListElement\":[{\"@type\":\"ListItem\",\"position\":1,\"name\":\"Home\",\"item\":\"https:\\\/\\\/www.nexoya.com\\\/de\\\/\"},{\"@type\":\"ListItem\",\"position\":2,\"name\":\"Campaign brief checkliste herunterladen\"}]},{\"@type\":\"WebSite\",\"@id\":\"https:\\\/\\\/www.nexoya.com\\\/de\\\/#website\",\"url\":\"https:\\\/\\\/www.nexoya.com\\\/de\\\/\",\"name\":\"Nexoya\",\"description\":\"Overachieve your goals by optimizing cross-channel digital advertising\",\"publisher\":{\"@id\":\"https:\\\/\\\/www.nexoya.com\\\/de\\\/#organization\"},\"potentialAction\":[{\"@type\":\"SearchAction\",\"target\":{\"@type\":\"EntryPoint\",\"urlTemplate\":\"https:\\\/\\\/www.nexoya.com\\\/de\\\/?s={search_term_string}\"},\"query-input\":{\"@type\":\"PropertyValueSpecification\",\"valueRequired\":true,\"valueName\":\"search_term_string\"}}],\"inLanguage\":\"de-DE\"},{\"@type\":\"Organization\",\"@id\":\"https:\\\/\\\/www.nexoya.com\\\/de\\\/#organization\",\"name\":\"Nexoya\",\"alternateName\":\"Nexoya AG\",\"url\":\"https:\\\/\\\/www.nexoya.com\\\/de\\\/\",\"logo\":{\"@type\":\"ImageObject\",\"inLanguage\":\"de-DE\",\"@id\":\"https:\\\/\\\/www.nexoya.com\\\/de\\\/#\\\/schema\\\/logo\\\/image\\\/\",\"url\":\"https:\\\/\\\/www.nexoya.com\\\/wp-content\\\/uploads\\\/2020\\\/03\\\/Logo-1.jpg\",\"contentUrl\":\"https:\\\/\\\/www.nexoya.com\\\/wp-content\\\/uploads\\\/2020\\\/03\\\/Logo-1.jpg\",\"width\":516,\"height\":424,\"caption\":\"Nexoya\"},\"image\":{\"@id\":\"https:\\\/\\\/www.nexoya.com\\\/de\\\/#\\\/schema\\\/logo\\\/image\\\/\"},\"sameAs\":[\"https:\\\/\\\/www.facebook.com\\\/nexoyacom\",\"https:\\\/\\\/x.com\\\/nexoyacom\",\"https:\\\/\\\/www.instagram.com\\\/nexoyacom\\\/\",\"https:\\\/\\\/www.linkedin.com\\\/company\\\/nexoya\",\"https:\\\/\\\/www.youtube.com\\\/@nexoya\"],\"description\":\"Nexoya is an AI-powered marketing analytics, attribution and optimization platform that helps brands maximize ROI across all digital advertising channels. By unifying data from Google, Meta, TikTok, and more, Nexoya enables marketers to attribute, predict and optimize performance, and make data-driven decisions. Securely and without cookies.\",\"email\":\"hello@nexoya.com\",\"telephone\":\"+41 43 588 00 42\",\"legalName\":\"Nexoya Ltd\",\"foundingDate\":\"2018-07-04\",\"vatID\":\"CHE-427.024.248\",\"taxID\":\"CH02030462638\",\"duns\":\"480249634\",\"leiCode\":\"5067007N8ZA0T56P1E67\",\"naics\":\"511210\",\"numberOfEmployees\":{\"@type\":\"QuantitativeValue\",\"minValue\":\"11\",\"maxValue\":\"50\"}}]}<\/script>\n<!-- \/ Yoast SEO Premium plugin. -->","yoast_head_json":{"title":"Campaign brief checkliste herunterladen - Nexoya","description":"Diese Checkliste wird Ihnen helfen, Ihre n\u00e4chste Marketingkampagne vorzubereiten und durchzuf\u00fchren, ohne etwas zu vergessen.","robots":{"index":"index","follow":"follow","max-snippet":"max-snippet:-1","max-image-preview":"max-image-preview:large","max-video-preview":"max-video-preview:-1"},"canonical":"https:\/\/www.nexoya.com\/de\/campaign-brief-checkliste-herunterladen\/","og_locale":"de_DE","og_type":"article","og_title":"Campaign brief checkliste herunterladen","og_description":"Diese Checkliste wird Ihnen helfen, Ihre n\u00e4chste Marketingkampagne vorzubereiten und durchzuf\u00fchren, ohne etwas zu vergessen.","og_url":"https:\/\/www.nexoya.com\/de\/campaign-brief-checkliste-herunterladen\/","og_site_name":"Nexoya","article_publisher":"https:\/\/www.facebook.com\/nexoyacom","article_modified_time":"2021-12-24T11:24:14+00:00","twitter_card":"summary_large_image","twitter_site":"@nexoyacom","twitter_misc":{"Gesch\u00e4tzte Lesezeit":"1 Minute"},"schema":{"@context":"https:\/\/schema.org","@graph":[{"@type":"WebPage","@id":"https:\/\/www.nexoya.com\/de\/campaign-brief-checkliste-herunterladen\/","url":"https:\/\/www.nexoya.com\/de\/campaign-brief-checkliste-herunterladen\/","name":"Campaign brief checkliste herunterladen - Nexoya","isPartOf":{"@id":"https:\/\/www.nexoya.com\/de\/#website"},"datePublished":"2021-09-20T10:52:02+00:00","dateModified":"2021-12-24T11:24:14+00:00","description":"Diese Checkliste wird Ihnen helfen, Ihre n\u00e4chste Marketingkampagne vorzubereiten und durchzuf\u00fchren, ohne etwas zu vergessen.","breadcrumb":{"@id":"https:\/\/www.nexoya.com\/de\/campaign-brief-checkliste-herunterladen\/#breadcrumb"},"inLanguage":"de-DE","potentialAction":[{"@type":"ReadAction","target":["https:\/\/www.nexoya.com\/de\/campaign-brief-checkliste-herunterladen\/"]}]},{"@type":"BreadcrumbList","@id":"https:\/\/www.nexoya.com\/de\/campaign-brief-checkliste-herunterladen\/#breadcrumb","itemListElement":[{"@type":"ListItem","position":1,"name":"Home","item":"https:\/\/www.nexoya.com\/de\/"},{"@type":"ListItem","position":2,"name":"Campaign brief checkliste herunterladen"}]},{"@type":"WebSite","@id":"https:\/\/www.nexoya.com\/de\/#website","url":"https:\/\/www.nexoya.com\/de\/","name":"Nexoya","description":"Overachieve your goals by optimizing cross-channel digital advertising","publisher":{"@id":"https:\/\/www.nexoya.com\/de\/#organization"},"potentialAction":[{"@type":"SearchAction","target":{"@type":"EntryPoint","urlTemplate":"https:\/\/www.nexoya.com\/de\/?s={search_term_string}"},"query-input":{"@type":"PropertyValueSpecification","valueRequired":true,"valueName":"search_term_string"}}],"inLanguage":"de-DE"},{"@type":"Organization","@id":"https:\/\/www.nexoya.com\/de\/#organization","name":"Nexoya","alternateName":"Nexoya AG","url":"https:\/\/www.nexoya.com\/de\/","logo":{"@type":"ImageObject","inLanguage":"de-DE","@id":"https:\/\/www.nexoya.com\/de\/#\/schema\/logo\/image\/","url":"https:\/\/www.nexoya.com\/wp-content\/uploads\/2020\/03\/Logo-1.jpg","contentUrl":"https:\/\/www.nexoya.com\/wp-content\/uploads\/2020\/03\/Logo-1.jpg","width":516,"height":424,"caption":"Nexoya"},"image":{"@id":"https:\/\/www.nexoya.com\/de\/#\/schema\/logo\/image\/"},"sameAs":["https:\/\/www.facebook.com\/nexoyacom","https:\/\/x.com\/nexoyacom","https:\/\/www.instagram.com\/nexoyacom\/","https:\/\/www.linkedin.com\/company\/nexoya","https:\/\/www.youtube.com\/@nexoya"],"description":"Nexoya is an AI-powered marketing analytics, attribution and optimization platform that helps brands maximize ROI across all digital advertising channels. By unifying data from Google, Meta, TikTok, and more, Nexoya enables marketers to attribute, predict and optimize performance, and make data-driven decisions. Securely and without cookies.","email":"hello@nexoya.com","telephone":"+41 43 588 00 42","legalName":"Nexoya Ltd","foundingDate":"2018-07-04","vatID":"CHE-427.024.248","taxID":"CH02030462638","duns":"480249634","leiCode":"5067007N8ZA0T56P1E67","naics":"511210","numberOfEmployees":{"@type":"QuantitativeValue","minValue":"11","maxValue":"50"}}]}},"_links":{"self":[{"href":"https:\/\/www.nexoya.com\/de\/wp-json\/wp\/v2\/pages\/10342","targetHints":{"allow":["GET"]}}],"collection":[{"href":"https:\/\/www.nexoya.com\/de\/wp-json\/wp\/v2\/pages"}],"about":[{"href":"https:\/\/www.nexoya.com\/de\/wp-json\/wp\/v2\/types\/page"}],"author":[{"embeddable":true,"href":"https:\/\/www.nexoya.com\/de\/wp-json\/wp\/v2\/users\/4"}],"replies":[{"embeddable":true,"href":"https:\/\/www.nexoya.com\/de\/wp-json\/wp\/v2\/comments?post=10342"}],"version-history":[{"count":0,"href":"https:\/\/www.nexoya.com\/de\/wp-json\/wp\/v2\/pages\/10342\/revisions"}],"wp:attachment":[{"href":"https:\/\/www.nexoya.com\/de\/wp-json\/wp\/v2\/media?parent=10342"}],"curies":[{"name":"wp","href":"https:\/\/api.w.org\/{rel}","templated":true}]}}